{"id":62,"date":"2014-06-18T21:38:26","date_gmt":"2014-06-18T20:38:26","guid":{"rendered":"http:\/\/www.din-amo.be\/?page_id=62"},"modified":"2023-12-19T16:35:19","modified_gmt":"2023-12-19T15:35:19","slug":"djembe","status":"publish","type":"page","link":"https:\/\/www.din-amo.be\/?page_id=62","title":{"rendered":"Atelier Djembe"},"content":{"rendered":"\t\t<div data-elementor-type=\"wp-page\" data-elementor-id=\"62\" class=\"elementor elementor-62\">\n\t\t\t\t<div class=\"elementor-element elementor-element-64ea4b5 e-flex e-con-boxed wpr-particle-no wpr-jarallax-no wpr-parallax-no wpr-sticky-section-no e-con e-parent\" data-id=\"64ea4b5\" data-element_type=\"container\" data-e-type=\"container\">\n\t\t\t\t\t<div class=\"e-con-inner\">\n\t\t<div class=\"elementor-element elementor-element-0493054 e-con-full e-flex wpr-particle-no wpr-jarallax-no wpr-parallax-no wpr-sticky-section-no e-con e-child\" data-id=\"0493054\" data-element_type=\"container\" data-e-type=\"container\">\n\t\t\t\t<div class=\"elementor-element elementor-element-866d192 elementor-widget elementor-widget-image\" data-id=\"866d192\" data-element_type=\"widget\" data-e-type=\"widget\" data-widget_type=\"image.default\">\n\t\t\t\t<div class=\"elementor-widget-container\">\n\t\t\t\t\t\t\t\t\t\t\t\t\t\t\t<img fetchpriority=\"high\" decoding=\"async\" width=\"375\" height=\"375\" src=\"https:\/\/www.din-amo.be\/wp-content\/uploads\/2023\/12\/Atelier-Djembe-3.png\" class=\"attachment-large size-large wp-image-3320\" alt=\"\" srcset=\"https:\/\/www.din-amo.be\/wp-content\/uploads\/2023\/12\/Atelier-Djembe-3.png 375w, https:\/\/www.din-amo.be\/wp-content\/uploads\/2023\/12\/Atelier-Djembe-3-300x300.png 300w, https:\/\/www.din-amo.be\/wp-content\/uploads\/2023\/12\/Atelier-Djembe-3-150x150.png 150w\" sizes=\"(max-width: 375px) 100vw, 375px\" \/>\t\t\t\t\t\t\t\t\t\t\t\t\t\t\t<\/div>\n\t\t\t\t<\/div>\n\t\t\t\t<\/div>\n\t\t<div class=\"elementor-element elementor-element-5bcf949 e-con-full e-flex wpr-particle-no wpr-jarallax-no wpr-parallax-no wpr-sticky-section-no e-con e-child\" data-id=\"5bcf949\" data-element_type=\"container\" data-e-type=\"container\">\n\t\t\t\t<div class=\"elementor-element elementor-element-03cb1dc elementor-widget elementor-widget-text-editor\" data-id=\"03cb1dc\" data-element_type=\"widget\" data-e-type=\"widget\" data-widget_type=\"text-editor.default\">\n\t\t\t\t<div class=\"elementor-widget-container\">\n\t\t\t\t\t\t\t\t\t<p><strong>L\u2019atelier djembe offre la possibilit\u00e9 aux jeunes de se rencontrer, d\u2019\u00eatre initi\u00e9s \u00e0 la pratique du djembe et \u00e0 la culture africaine.<\/strong><\/p>\t\t\t\t\t\t\t\t<\/div>\n\t\t\t\t<\/div>\n\t\t\t\t<div class=\"elementor-element elementor-element-8ceaf96 elementor-widget-divider--view-line elementor-widget elementor-widget-divider\" data-id=\"8ceaf96\" data-element_type=\"widget\" data-e-type=\"widget\" data-widget_type=\"divider.default\">\n\t\t\t\t<div class=\"elementor-widget-container\">\n\t\t\t\t\t\t\t<div class=\"elementor-divider\">\n\t\t\t<span class=\"elementor-divider-separator\">\n\t\t\t\t\t\t<\/span>\n\t\t<\/div>\n\t\t\t\t\t\t<\/div>\n\t\t\t\t<\/div>\n\t\t\t\t<\/div>\n\t\t\t\t\t<\/div>\n\t\t\t\t<\/div>\n\t\t<div class=\"elementor-element elementor-element-11c3c0b e-flex e-con-boxed wpr-particle-no wpr-jarallax-no wpr-parallax-no wpr-sticky-section-no e-con e-parent\" data-id=\"11c3c0b\" data-element_type=\"container\" data-e-type=\"container\">\n\t\t\t\t\t<div class=\"e-con-inner\">\n\t\t<div class=\"elementor-element elementor-element-d72a6d7 e-con-full e-flex wpr-particle-no wpr-jarallax-no wpr-parallax-no wpr-sticky-section-no e-con e-child\" data-id=\"d72a6d7\" data-element_type=\"container\" data-e-type=\"container\">\n\t\t\t\t<div class=\"elementor-element elementor-element-c95b9fb elementor-widget elementor-widget-heading\" data-id=\"c95b9fb\" data-element_type=\"widget\" data-e-type=\"widget\" data-widget_type=\"heading.default\">\n\t\t\t\t<div class=\"elementor-widget-container\">\n\t\t\t\t\t<h2 class=\"elementor-heading-title elementor-size-default\">Horaires<\/h2>\t\t\t\t<\/div>\n\t\t\t\t<\/div>\n\t\t\t\t<div class=\"elementor-element elementor-element-403918a elementor-widget elementor-widget-text-editor\" data-id=\"403918a\" data-element_type=\"widget\" data-e-type=\"widget\" data-widget_type=\"text-editor.default\">\n\t\t\t\t<div class=\"elementor-widget-container\">\n\t\t\t\t\t\t\t\t\t<p>Le groupe des DEBUTANTS, les JEUDIS de 17h \u00e0 18h00.<\/p><p>Le groupe des CONFIRMES , les MARDIS de 17h \u00e0 18h30.<\/p>\t\t\t\t\t\t\t\t<\/div>\n\t\t\t\t<\/div>\n\t\t\t\t<\/div>\n\t\t<div class=\"elementor-element elementor-element-feb6cba e-con-full e-flex wpr-particle-no wpr-jarallax-no wpr-parallax-no wpr-sticky-section-no e-con e-child\" data-id=\"feb6cba\" data-element_type=\"container\" data-e-type=\"container\">\n\t\t\t\t<div class=\"elementor-element elementor-element-0a25d22 elementor-widget elementor-widget-heading\" data-id=\"0a25d22\" data-element_type=\"widget\" data-e-type=\"widget\" data-widget_type=\"heading.default\">\n\t\t\t\t<div class=\"elementor-widget-container\">\n\t\t\t\t\t<h2 class=\"elementor-heading-title elementor-size-default\">Public<\/h2>\t\t\t\t<\/div>\n\t\t\t\t<\/div>\n\t\t\t\t<div class=\"elementor-element elementor-element-0abb6af elementor-widget elementor-widget-text-editor\" data-id=\"0abb6af\" data-element_type=\"widget\" data-e-type=\"widget\" data-widget_type=\"text-editor.default\">\n\t\t\t\t<div class=\"elementor-widget-container\">\n\t\t\t\t\t\t\t\t\t<p>Les jeunes de 10-22 ans de Dinant et environs.<\/p>\t\t\t\t\t\t\t\t<\/div>\n\t\t\t\t<\/div>\n\t\t\t\t<\/div>\n\t\t<div class=\"elementor-element elementor-element-07ed8a1 e-con-full e-flex wpr-particle-no wpr-jarallax-no wpr-parallax-no wpr-sticky-section-no e-con e-child\" data-id=\"07ed8a1\" data-element_type=\"container\" data-e-type=\"container\">\n\t\t\t\t<div class=\"elementor-element elementor-element-e136070 elementor-widget elementor-widget-heading\" data-id=\"e136070\" data-element_type=\"widget\" data-e-type=\"widget\" data-widget_type=\"heading.default\">\n\t\t\t\t<div class=\"elementor-widget-container\">\n\t\t\t\t\t<h2 class=\"elementor-heading-title elementor-size-default\">Lieu<\/h2>\t\t\t\t<\/div>\n\t\t\t\t<\/div>\n\t\t\t\t<div class=\"elementor-element elementor-element-711bdf0 elementor-widget elementor-widget-text-editor\" data-id=\"711bdf0\" data-element_type=\"widget\" data-e-type=\"widget\" data-widget_type=\"text-editor.default\">\n\t\t\t\t<div class=\"elementor-widget-container\">\n\t\t\t\t\t\t\t\t\t<p>A.s.b.l Dinamo, Place St Nicolas au No 7, au rez-de-chauss\u00e9e.<\/p>\t\t\t\t\t\t\t\t<\/div>\n\t\t\t\t<\/div>\n\t\t\t\t<\/div>\n\t\t<div class=\"elementor-element elementor-element-0f8a453 e-con-full e-flex wpr-particle-no wpr-jarallax-no wpr-parallax-no wpr-sticky-section-no e-con e-child\" data-id=\"0f8a453\" data-element_type=\"container\" data-e-type=\"container\">\n\t\t\t\t<div class=\"elementor-element elementor-element-a459a18 elementor-widget elementor-widget-heading\" data-id=\"a459a18\" data-element_type=\"widget\" data-e-type=\"widget\" data-widget_type=\"heading.default\">\n\t\t\t\t<div class=\"elementor-widget-container\">\n\t\t\t\t\t<h2 class=\"elementor-heading-title elementor-size-default\">Co\u00fbt<\/h2>\t\t\t\t<\/div>\n\t\t\t\t<\/div>\n\t\t\t\t<div class=\"elementor-element elementor-element-2327a65 elementor-widget elementor-widget-text-editor\" data-id=\"2327a65\" data-element_type=\"widget\" data-e-type=\"widget\" data-widget_type=\"text-editor.default\">\n\t\t\t\t<div class=\"elementor-widget-container\">\n\t\t\t\t\t\t\t\t\t<p>2,5 euros par s\u00e9ance.<\/p><p>Les personnes qui ne poss\u00e8dent pas de djembe ont la possibilit\u00e9 d\u2019en louer un sur place pour 1euro par s\u00e9ance.<\/p>\t\t\t\t\t\t\t\t<\/div>\n\t\t\t\t<\/div>\n\t\t\t\t<\/div>\n\t\t\t\t\t<\/div>\n\t\t\t\t<\/div>\n\t\t<div class=\"elementor-element elementor-element-cc84c7e e-flex e-con-boxed wpr-particle-no wpr-jarallax-no wpr-parallax-no wpr-sticky-section-no e-con e-parent\" data-id=\"cc84c7e\" data-element_type=\"container\" data-e-type=\"container\">\n\t\t\t\t\t<div class=\"e-con-inner\">\n\t\t<div class=\"elementor-element elementor-element-4e31bbe e-con-full e-flex wpr-particle-no wpr-jarallax-no wpr-parallax-no wpr-sticky-section-no e-con e-child\" data-id=\"4e31bbe\" data-element_type=\"container\" data-e-type=\"container\">\n\t\t\t\t<div class=\"elementor-element elementor-element-ba91c80 elementor-widget elementor-widget-text-editor\" data-id=\"ba91c80\" data-element_type=\"widget\" data-e-type=\"widget\" data-widget_type=\"text-editor.default\">\n\t\t\t\t<div class=\"elementor-widget-container\">\n\t\t\t\t\t\t\t\t\t<h2><strong>Animateurs<\/strong><\/h2><p>C\u00e9dric TOURNEUR, \u00e9ducateur sp\u00e9cialis\u00e9,<br \/>Charline WATELET, assistante sociale,<\/p><p>Isaline TRICNAUX, assistante sociale.<\/p><h2><strong>Objectifs<\/strong><\/h2><ul><li>Apprentissage de frappes et de rythmes de bases.<\/li><li>Approfondissement des bases connues.<\/li><li>Tisser des liens interculturels.<\/li><li>Travail de groupe dans un esprit de dialogue, d\u2019\u00e9coute et de respect.<\/li><li>Ma\u00eetrise de soi et canalisation du stress par le d\u00e9foulement.<\/li><li>Echanger, partager ses impressions et ses ressentis.<\/li><li>Oser l\u2019improvisation et d\u00e9velopper la confiance en soi.<\/li><\/ul>\t\t\t\t\t\t\t\t<\/div>\n\t\t\t\t<\/div>\n\t\t\t\t<\/div>\n\t\t<div class=\"elementor-element elementor-element-0a8c25a e-con-full e-flex wpr-particle-no wpr-jarallax-no wpr-parallax-no wpr-sticky-section-no e-con e-child\" data-id=\"0a8c25a\" data-element_type=\"container\" data-e-type=\"container\">\n\t\t\t\t<div class=\"elementor-element elementor-element-b2f97d9 elementor-widget elementor-widget-image\" data-id=\"b2f97d9\" data-element_type=\"widget\" data-e-type=\"widget\" data-widget_type=\"image.default\">\n\t\t\t\t<div class=\"elementor-widget-container\">\n\t\t\t\t\t\t\t\t\t\t\t\t\t\t\t<img decoding=\"async\" width=\"724\" height=\"1024\" src=\"https:\/\/www.din-amo.be\/wp-content\/uploads\/2023\/12\/Atelier-Djembe-1-724x1024.jpg\" class=\"attachment-large size-large wp-image-3187\" alt=\"\" srcset=\"https:\/\/www.din-amo.be\/wp-content\/uploads\/2023\/12\/Atelier-Djembe-1-724x1024.jpg 724w, https:\/\/www.din-amo.be\/wp-content\/uploads\/2023\/12\/Atelier-Djembe-1-212x300.jpg 212w, https:\/\/www.din-amo.be\/wp-content\/uploads\/2023\/12\/Atelier-Djembe-1-768x1086.jpg 768w, https:\/\/www.din-amo.be\/wp-content\/uploads\/2023\/12\/Atelier-Djembe-1-1086x1536.jpg 1086w, https:\/\/www.din-amo.be\/wp-content\/uploads\/2023\/12\/Atelier-Djembe-1.jpg 1414w\" sizes=\"(max-width: 724px) 100vw, 724px\" \/>\t\t\t\t\t\t\t\t\t\t\t\t\t\t\t<\/div>\n\t\t\t\t<\/div>\n\t\t\t\t<\/div>\n\t\t\t\t\t<\/div>\n\t\t\t\t<\/div>\n\t\t<div class=\"elementor-element elementor-element-2b5ea85 e-flex e-con-boxed wpr-particle-no wpr-jarallax-no wpr-parallax-no wpr-sticky-section-no e-con e-parent\" data-id=\"2b5ea85\" data-element_type=\"container\" data-e-type=\"container\">\n\t\t\t\t\t<div class=\"e-con-inner\">\n\t\t\t\t<div class=\"elementor-element elementor-element-53c4013 elementor-widget elementor-widget-text-editor\" data-id=\"53c4013\" data-element_type=\"widget\" data-e-type=\"widget\" data-widget_type=\"text-editor.default\">\n\t\t\t\t<div class=\"elementor-widget-container\">\n\t\t\t\t\t\t\t\t\t<blockquote><p>La d\u00e9couverte de \u00ab l\u2019outil Djembe\u00bb et de son mode d\u2019expression comprend des aspects culturels, sociaux et musicaux.<\/p><p>Dans cet atelier, la musique est possible gr\u00e2ce \u00e0 la place de chaque participant qui contribue \u00e0 la construction du morceau. Il faut \u00eatre conscient que chacun a ses propres capacit\u00e9s personnelles, tout le monde est diff\u00e9rent et avance \u00e0 son propre rythme, c\u2019est aussi ce qui fait la richesse du groupe et du morceau.<\/p><p>Le fait de jouer implique diff\u00e9rents points qui sont importants tels que : la concentration, l\u2019\u00e9coute, l\u2019apprentissage rythmique, la ma\u00eetrise et l\u2019acceptation de soi, la vitesse d\u2019ex\u00e9cution, la ma\u00eetrise de son corps, la patience, le travail individuel et en groupe pendant un temps d\u00e9termin\u00e9. La notion de respect est donc importante pour soi, mais aussi pour les autres.<\/p><p>L\u2019explication du nom, de la traduction ou de l\u2019histoire du rythme traditionnel seront donn\u00e9s.<\/p><p>Participation occasionnelle \u00e0 des projets ou des manifestations culturelles ou sociales, qui font partie d\u2019un processus de formation, c\u2019est-\u00e0-dire se produire devant un public.<\/p><p>\u00a0<\/p><\/blockquote><h2><strong>R\u00e8gles au sein de l\u2019atelier :<\/strong><\/h2><p>une place pour tous ,<br \/>du respect pour chaque membre de l\u2019atelier et l\u2019animateur,<br \/>du respect de l\u2019apprentissage en fonction des capacit\u00e9s et du potentiel de chacun,<br \/>du respect du temps et du mat\u00e9riel.<\/p><h2><strong>Divers<\/strong><\/h2><ul><li>Possibilit\u00e9 d\u2019initiations au djemb\u00e9 possible sur demande<\/li><li>Animations scolaires<\/li><li>Possibilit\u00e9 de participer \u00e0 des manifestations locales lors d&rsquo;\u00e9venements<\/li><\/ul>\t\t\t\t\t\t\t\t<\/div>\n\t\t\t\t<\/div>\n\t\t\t\t\t<\/div>\n\t\t\t\t<\/div>\n\t\t\t\t<\/div>\n\t\t","protected":false},"excerpt":{"rendered":"<p>L\u2019atelier djembe offre la possibilit\u00e9 aux jeunes de se rencontrer, d\u2019\u00eatre initi\u00e9s \u00e0 la pratique du djembe et \u00e0 la culture africaine. Horaires Le groupe des DEBUTANTS, les JEUDIS de 17h \u00e0 18h00. Le groupe des CONFIRMES , les MARDIS de 17h \u00e0 18h30. Public Les jeunes de 10-22 ans de Dinant et environs. Lieu A.s.b.l Dinamo, Place St Nicolas au No 7, au rez-de-chauss\u00e9e. Co\u00fbt 2,5 euros par s\u00e9ance. Les personnes qui ne poss\u00e8dent pas de djembe ont la possibilit\u00e9 d\u2019en louer un sur place pour 1euro par s\u00e9ance. Animateurs C\u00e9dric TOURNEUR, \u00e9ducateur sp\u00e9cialis\u00e9,Charline WATELET, assistante sociale, Isaline TRICNAUX, assistante sociale. Objectifs Apprentissage de frappes et de rythmes de bases. Approfondissement des bases connues. Tisser des liens interculturels. Travail de groupe dans un esprit de dialogue, d\u2019\u00e9coute et de respect. Ma\u00eetrise de soi et canalisation du stress par le d\u00e9foulement. Echanger, partager ses impressions et ses ressentis. Oser l\u2019improvisation et d\u00e9velopper la confiance en soi. La d\u00e9couverte de \u00ab l\u2019outil Djembe\u00bb et de son mode d\u2019expression comprend des aspects culturels, sociaux et musicaux. Dans cet atelier, la musique est possible gr\u00e2ce \u00e0 la place de chaque participant qui contribue \u00e0 la construction du morceau. Il faut \u00eatre conscient que chacun a ses propres capacit\u00e9s personnelles, tout le monde est diff\u00e9rent et avance \u00e0 son propre rythme, c\u2019est aussi ce qui fait la richesse du groupe et du morceau. Le fait de jouer implique diff\u00e9rents points qui sont importants tels que : la concentration, l\u2019\u00e9coute, l\u2019apprentissage rythmique, la ma\u00eetrise et l\u2019acceptation de soi, la vitesse d\u2019ex\u00e9cution, la ma\u00eetrise de son corps, la patience, le travail individuel et en groupe pendant un temps d\u00e9termin\u00e9. La notion de respect est donc importante pour soi, mais aussi pour les autres. L\u2019explication du nom, de la traduction ou de l\u2019histoire du rythme traditionnel seront donn\u00e9s. Participation occasionnelle \u00e0 des projets ou des manifestations culturelles ou sociales, qui font partie d\u2019un processus de formation, c\u2019est-\u00e0-dire se produire devant un public. \u00a0 R\u00e8gles au sein de l\u2019atelier : une place pour tous ,du respect pour chaque membre de l\u2019atelier et l\u2019animateur,du respect de l\u2019apprentissage en fonction des capacit\u00e9s et du potentiel de chacun,du respect du temps et du mat\u00e9riel. Divers Possibilit\u00e9 d\u2019initiations au djemb\u00e9 possible sur demande Animations scolaires Possibilit\u00e9 de participer \u00e0 des manifestations locales lors d&rsquo;\u00e9venements<\/p>\n","protected":false},"author":1,"featured_media":0,"parent":56,"menu_order":2,"comment_status":"open","ping_status":"open","template":"","meta":{"_eb_attr":"","ocean_post_layout":"","ocean_both_sidebars_style":"","ocean_both_sidebars_content_width":0,"ocean_both_sidebars_sidebars_width":0,"ocean_sidebar":"","ocean_second_sidebar":"","ocean_disable_margins":"enable","ocean_add_body_class":"","ocean_shortcode_before_top_bar":"","ocean_shortcode_after_top_bar":"","ocean_shortcode_before_header":"","ocean_shortcode_after_header":"","ocean_has_shortcode":"","ocean_shortcode_after_title":"","ocean_shortcode_before_footer_widgets":"","ocean_shortcode_after_footer_widgets":"","ocean_shortcode_before_footer_bottom":"","ocean_shortcode_after_footer_bottom":"","ocean_display_top_bar":"default","ocean_display_header":"default","ocean_header_style":"","ocean_center_header_left_menu":"","ocean_custom_header_template":"","ocean_custom_logo":0,"ocean_custom_retina_logo":0,"ocean_custom_logo_max_width":0,"ocean_custom_logo_tablet_max_width":0,"ocean_custom_logo_mobile_max_width":0,"ocean_custom_logo_max_height":0,"ocean_custom_logo_tablet_max_height":0,"ocean_custom_logo_mobile_max_height":0,"ocean_header_custom_menu":"","ocean_menu_typo_font_family":"","ocean_menu_typo_font_subset":"","ocean_menu_typo_font_size":0,"ocean_menu_typo_font_size_tablet":0,"ocean_menu_typo_font_size_mobile":0,"ocean_menu_typo_font_size_unit":"px","ocean_menu_typo_font_weight":"","ocean_menu_typo_font_weight_tablet":"","ocean_menu_typo_font_weight_mobile":"","ocean_menu_typo_transform":"","ocean_menu_typo_transform_tablet":"","ocean_menu_typo_transform_mobile":"","ocean_menu_typo_line_height":0,"ocean_menu_typo_line_height_tablet":0,"ocean_menu_typo_line_height_mobile":0,"ocean_menu_typo_line_height_unit":"","ocean_menu_typo_spacing":0,"ocean_menu_typo_spacing_tablet":0,"ocean_menu_typo_spacing_mobile":0,"ocean_menu_typo_spacing_unit":"","ocean_menu_link_color":"","ocean_menu_link_color_hover":"","ocean_menu_link_color_active":"","ocean_menu_link_background":"","ocean_menu_link_hover_background":"","ocean_menu_link_active_background":"","ocean_menu_social_links_bg":"","ocean_menu_social_hover_links_bg":"","ocean_menu_social_links_color":"","ocean_menu_social_hover_links_color":"","ocean_disable_title":"default","ocean_disable_heading":"default","ocean_post_title":"","ocean_post_subheading":"","ocean_post_title_style":"","ocean_post_title_background_color":"","ocean_post_title_background":0,"ocean_post_title_bg_image_position":"","ocean_post_title_bg_image_attachment":"","ocean_post_title_bg_image_repeat":"","ocean_post_title_bg_image_size":"","ocean_post_title_height":0,"ocean_post_title_bg_overlay":0.5,"ocean_post_title_bg_overlay_color":"","ocean_disable_breadcrumbs":"default","ocean_breadcrumbs_color":"","ocean_breadcrumbs_separator_color":"","ocean_breadcrumbs_links_color":"","ocean_breadcrumbs_links_hover_color":"","ocean_display_footer_widgets":"default","ocean_display_footer_bottom":"default","ocean_custom_footer_template":"","footnotes":""},"class_list":["post-62","page","type-page","status-publish","hentry","entry"],"_links":{"self":[{"href":"https:\/\/www.din-amo.be\/index.php?rest_route=\/wp\/v2\/pages\/62","targetHints":{"allow":["GET"]}}],"collection":[{"href":"https:\/\/www.din-amo.be\/index.php?rest_route=\/wp\/v2\/pages"}],"about":[{"href":"https:\/\/www.din-amo.be\/index.php?rest_route=\/wp\/v2\/types\/page"}],"author":[{"embeddable":true,"href":"https:\/\/www.din-amo.be\/index.php?rest_route=\/wp\/v2\/users\/1"}],"replies":[{"embeddable":true,"href":"https:\/\/www.din-amo.be\/index.php?rest_route=%2Fwp%2Fv2%2Fcomments&post=62"}],"version-history":[{"count":60,"href":"https:\/\/www.din-amo.be\/index.php?rest_route=\/wp\/v2\/pages\/62\/revisions"}],"predecessor-version":[{"id":3639,"href":"https:\/\/www.din-amo.be\/index.php?rest_route=\/wp\/v2\/pages\/62\/revisions\/3639"}],"up":[{"embeddable":true,"href":"https:\/\/www.din-amo.be\/index.php?rest_route=\/wp\/v2\/pages\/56"}],"wp:attachment":[{"href":"https:\/\/www.din-amo.be\/index.php?rest_route=%2Fwp%2Fv2%2Fmedia&parent=62"}],"curies":[{"name":"wp","href":"https:\/\/api.w.org\/{rel}","templated":true}]}}