{"id":54,"date":"2014-06-18T21:36:23","date_gmt":"2014-06-18T20:36:23","guid":{"rendered":"http:\/\/www.din-amo.be\/?page_id=54"},"modified":"2024-04-04T15:05:17","modified_gmt":"2024-04-04T14:05:17","slug":"aide-individuelle","status":"publish","type":"page","link":"https:\/\/www.din-amo.be\/?page_id=54","title":{"rendered":"Aide individuelle"},"content":{"rendered":"\t\t<div data-elementor-type=\"wp-page\" data-elementor-id=\"54\" class=\"elementor elementor-54\">\n\t\t\t\t<div class=\"elementor-element elementor-element-2a45184e e-flex e-con-boxed wpr-particle-no wpr-jarallax-no wpr-parallax-no wpr-sticky-section-no e-con e-parent\" data-id=\"2a45184e\" data-element_type=\"container\" data-e-type=\"container\">\n\t\t\t\t\t<div class=\"e-con-inner\">\n\t\t\t\t<div class=\"elementor-element elementor-element-a124325 elementor-widget elementor-widget-heading\" data-id=\"a124325\" data-element_type=\"widget\" data-e-type=\"widget\" data-widget_type=\"heading.default\">\n\t\t\t\t<div class=\"elementor-widget-container\">\n\t\t\t\t\t<h2 class=\"elementor-heading-title elementor-size-default\">Aide individuelle<\/h2>\t\t\t\t<\/div>\n\t\t\t\t<\/div>\n\t\t\t\t<div class=\"elementor-element elementor-element-50eb35ea elementor-widget elementor-widget-text-editor\" data-id=\"50eb35ea\" data-element_type=\"widget\" data-e-type=\"widget\" data-widget_type=\"text-editor.default\">\n\t\t\t\t<div class=\"elementor-widget-container\">\n\t\t\t\t\t\t\t\t\t<p style=\"text-align: justify;\"><strong>L\u2019AMO DINAMO<\/strong> offre une aide individuelle gratuite aux jeunes, <strong>entre 0 et 22 ans<\/strong>, qui en font la demande en dehors de tout mandat.<\/p>\n<p style=\"text-align: justify;\">Cette aide est <strong>confidentielle<\/strong> et vise l\u2019\u00e9panouissement du jeune.\u00a0 L\u2019\u00e9quipe de DINAMO est tenue au <strong>secret professionnel<\/strong> et aucune information ne sera divulgu\u00e9e \u00e0 moins que le jeune lui-m\u00eame n\u2019en fasse la demande.<\/p>\n<p style=\"text-align: justify;\">Lorsque la situation le n\u00e9cessite, nous pouvons faire appel aux ressources de l\u2019\u00e9quipe.<\/p>\n<p style=\"text-align: justify;\">En cas de situation de <strong>maltraitance<\/strong> ou si un jeune se trouve en <strong>danger<\/strong>, l\u2019\u00e9quipe doit veiller \u00e0 mettre en \u0153uvre tout ce qui est n\u00e9cessaire et se verra parfois dans l\u2019obligation de renvoyer les informations.<\/p>\n<p style=\"text-align: justify;\">Cette aide est apport\u00e9e \u00e0 tous les jeunes <strong>sans discrimination et\/ou jugement de valeurs<\/strong>.<\/p>\n<p style=\"text-align: justify;\">L\u2019aide se d\u00e9roule dans un esprit de respect mutuel et peut \u00eatre interrompue \u00e0 tout moment par le jeune et par l\u2019intervenant qui motivera sa d\u00e9cision.<\/p>\n<p style=\"text-align: justify;\">Des \u00e9valuations auront lieues durant le suivi.<\/p>\n<p style=\"text-align: justify;\">Le jeune ou la famille a acc\u00e8s, sur simple demande, aux donn\u00e9es le ou la concernant qui stipulent les modalit\u00e9s et objectifs de l\u2019aide apport\u00e9e.<\/p>\n<p style=\"text-align: justify;\">L\u2019accompagnement se fait avec l\u2019adh\u00e9sion des personnes qui sont \u00e0 l\u2019origine de la demande.\u00a0 Dans le cas ou le jeune ne s\u2019approprie pas celle-ci, nous pouvons travailler avec ses proches dans l\u2019int\u00e9r\u00eat du jeune.\nSi la personne r\u00e9f\u00e9rente et\/ou l\u2019\u00e9quipe ne peut r\u00e9pondre \u00e0 la demande particuli\u00e8re du jeune, elle veillera \u00e0 r\u00e9orienter celui-ci vers un autre service appropri\u00e9.<\/p>\n<p style=\"text-align: justify;\"><\/p>\t\t\t\t\t\t\t\t<\/div>\n\t\t\t\t<\/div>\n\t\t\t\t\t<\/div>\n\t\t\t\t<\/div>\n\t\t\t\t<\/div>\n\t\t","protected":false},"excerpt":{"rendered":"<p>Aide individuelle L\u2019AMO DINAMO offre une aide individuelle gratuite aux jeunes, entre 0 et 22 ans, qui en font la demande en dehors de tout mandat. Cette aide est confidentielle et vise l\u2019\u00e9panouissement du jeune.\u00a0 L\u2019\u00e9quipe de DINAMO est tenue au secret professionnel et aucune information ne sera divulgu\u00e9e \u00e0 moins que le jeune lui-m\u00eame n\u2019en fasse la demande. Lorsque la situation le n\u00e9cessite, nous pouvons faire appel aux ressources de l\u2019\u00e9quipe. En cas de situation de maltraitance ou si un jeune se trouve en danger, l\u2019\u00e9quipe doit veiller \u00e0 mettre en \u0153uvre tout ce qui est n\u00e9cessaire et se verra parfois dans l\u2019obligation de renvoyer les informations. Cette aide est apport\u00e9e \u00e0 tous les jeunes sans discrimination et\/ou jugement de valeurs. L\u2019aide se d\u00e9roule dans un esprit de respect mutuel et peut \u00eatre interrompue \u00e0 tout moment par le jeune et par l\u2019intervenant qui motivera sa d\u00e9cision. Des \u00e9valuations auront lieues durant le suivi. Le jeune ou la famille a acc\u00e8s, sur simple demande, aux donn\u00e9es le ou la concernant qui stipulent les modalit\u00e9s et objectifs de l\u2019aide apport\u00e9e. L\u2019accompagnement se fait avec l\u2019adh\u00e9sion des personnes qui sont \u00e0 l\u2019origine de la demande.\u00a0 Dans le cas ou le jeune ne s\u2019approprie pas celle-ci, nous pouvons travailler avec ses proches dans l\u2019int\u00e9r\u00eat du jeune. Si la personne r\u00e9f\u00e9rente et\/ou l\u2019\u00e9quipe ne peut r\u00e9pondre \u00e0 la demande particuli\u00e8re du jeune, elle veillera \u00e0 r\u00e9orienter celui-ci vers un autre service appropri\u00e9.<\/p>\n","protected":false},"author":1,"featured_media":0,"parent":31,"menu_order":2,"comment_status":"open","ping_status":"open","template":"","meta":{"_eb_attr":"","ocean_post_layout":"","ocean_both_sidebars_style":"","ocean_both_sidebars_content_width":0,"ocean_both_sidebars_sidebars_width":0,"ocean_sidebar":"","ocean_second_sidebar":"","ocean_disable_margins":"enable","ocean_add_body_class":"","ocean_shortcode_before_top_bar":"","ocean_shortcode_after_top_bar":"","ocean_shortcode_before_header":"","ocean_shortcode_after_header":"","ocean_has_shortcode":"","ocean_shortcode_after_title":"","ocean_shortcode_before_footer_widgets":"","ocean_shortcode_after_footer_widgets":"","ocean_shortcode_before_footer_bottom":"","ocean_shortcode_after_footer_bottom":"","ocean_display_top_bar":"default","ocean_display_header":"default","ocean_header_style":"","ocean_center_header_left_menu":"","ocean_custom_header_template":"","ocean_custom_logo":0,"ocean_custom_retina_logo":0,"ocean_custom_logo_max_width":0,"ocean_custom_logo_tablet_max_width":0,"ocean_custom_logo_mobile_max_width":0,"ocean_custom_logo_max_height":0,"ocean_custom_logo_tablet_max_height":0,"ocean_custom_logo_mobile_max_height":0,"ocean_header_custom_menu":"","ocean_menu_typo_font_family":"","ocean_menu_typo_font_subset":"","ocean_menu_typo_font_size":0,"ocean_menu_typo_font_size_tablet":0,"ocean_menu_typo_font_size_mobile":0,"ocean_menu_typo_font_size_unit":"px","ocean_menu_typo_font_weight":"","ocean_menu_typo_font_weight_tablet":"","ocean_menu_typo_font_weight_mobile":"","ocean_menu_typo_transform":"","ocean_menu_typo_transform_tablet":"","ocean_menu_typo_transform_mobile":"","ocean_menu_typo_line_height":0,"ocean_menu_typo_line_height_tablet":0,"ocean_menu_typo_line_height_mobile":0,"ocean_menu_typo_line_height_unit":"","ocean_menu_typo_spacing":0,"ocean_menu_typo_spacing_tablet":0,"ocean_menu_typo_spacing_mobile":0,"ocean_menu_typo_spacing_unit":"","ocean_menu_link_color":"","ocean_menu_link_color_hover":"","ocean_menu_link_color_active":"","ocean_menu_link_background":"","ocean_menu_link_hover_background":"","ocean_menu_link_active_background":"","ocean_menu_social_links_bg":"","ocean_menu_social_hover_links_bg":"","ocean_menu_social_links_color":"","ocean_menu_social_hover_links_color":"","ocean_disable_title":"default","ocean_disable_heading":"default","ocean_post_title":"","ocean_post_subheading":"","ocean_post_title_style":"","ocean_post_title_background_color":"","ocean_post_title_background":0,"ocean_post_title_bg_image_position":"","ocean_post_title_bg_image_attachment":"","ocean_post_title_bg_image_repeat":"","ocean_post_title_bg_image_size":"","ocean_post_title_height":0,"ocean_post_title_bg_overlay":0.5,"ocean_post_title_bg_overlay_color":"","ocean_disable_breadcrumbs":"default","ocean_breadcrumbs_color":"","ocean_breadcrumbs_separator_color":"","ocean_breadcrumbs_links_color":"","ocean_breadcrumbs_links_hover_color":"","ocean_display_footer_widgets":"default","ocean_display_footer_bottom":"default","ocean_custom_footer_template":"","footnotes":""},"class_list":["post-54","page","type-page","status-publish","hentry","entry"],"_links":{"self":[{"href":"https:\/\/www.din-amo.be\/index.php?rest_route=\/wp\/v2\/pages\/54","targetHints":{"allow":["GET"]}}],"collection":[{"href":"https:\/\/www.din-amo.be\/index.php?rest_route=\/wp\/v2\/pages"}],"about":[{"href":"https:\/\/www.din-amo.be\/index.php?rest_route=\/wp\/v2\/types\/page"}],"author":[{"embeddable":true,"href":"https:\/\/www.din-amo.be\/index.php?rest_route=\/wp\/v2\/users\/1"}],"replies":[{"embeddable":true,"href":"https:\/\/www.din-amo.be\/index.php?rest_route=%2Fwp%2Fv2%2Fcomments&post=54"}],"version-history":[{"count":16,"href":"https:\/\/www.din-amo.be\/index.php?rest_route=\/wp\/v2\/pages\/54\/revisions"}],"predecessor-version":[{"id":3526,"href":"https:\/\/www.din-amo.be\/index.php?rest_route=\/wp\/v2\/pages\/54\/revisions\/3526"}],"up":[{"embeddable":true,"href":"https:\/\/www.din-amo.be\/index.php?rest_route=\/wp\/v2\/pages\/31"}],"wp:attachment":[{"href":"https:\/\/www.din-amo.be\/index.php?rest_route=%2Fwp%2Fv2%2Fmedia&parent=54"}],"curies":[{"name":"wp","href":"https:\/\/api.w.org\/{rel}","templated":true}]}}