{"id":3800,"date":"2025-11-19T11:39:31","date_gmt":"2025-11-19T10:39:31","guid":{"rendered":"https:\/\/www.din-amo.be\/?page_id=3800"},"modified":"2025-11-20T16:57:06","modified_gmt":"2025-11-20T15:57:06","slug":"la-parenthese-inattendue","status":"publish","type":"page","link":"https:\/\/www.din-amo.be\/?page_id=3800","title":{"rendered":"La Parenth\u00e8se Inattendue"},"content":{"rendered":"\t\t<div data-elementor-type=\"wp-page\" data-elementor-id=\"3800\" class=\"elementor elementor-3800\">\n\t\t\t\t<div class=\"elementor-element elementor-element-1575b69 e-flex e-con-boxed wpr-particle-no wpr-jarallax-no wpr-parallax-no wpr-sticky-section-no e-con e-parent\" data-id=\"1575b69\" data-element_type=\"container\" data-e-type=\"container\">\n\t\t\t\t\t<div class=\"e-con-inner\">\n\t\t<div class=\"elementor-element elementor-element-53037a9 e-con-full e-flex wpr-particle-no wpr-jarallax-no wpr-parallax-no wpr-sticky-section-no e-con e-child\" data-id=\"53037a9\" data-element_type=\"container\" data-e-type=\"container\">\n\t\t\t\t<div class=\"elementor-element elementor-element-8515c81 elementor-widget__width-initial elementor-widget elementor-widget-image\" data-id=\"8515c81\" data-element_type=\"widget\" data-e-type=\"widget\" data-widget_type=\"image.default\">\n\t\t\t\t<div class=\"elementor-widget-container\">\n\t\t\t\t\t\t\t\t\t\t\t\t\t\t\t<img fetchpriority=\"high\" decoding=\"async\" width=\"1024\" height=\"1024\" src=\"https:\/\/www.din-amo.be\/wp-content\/uploads\/2025\/11\/dinamo-1024x1024.png\" class=\"attachment-large size-large wp-image-3817\" alt=\"\" srcset=\"https:\/\/www.din-amo.be\/wp-content\/uploads\/2025\/11\/dinamo-1024x1024.png 1024w, https:\/\/www.din-amo.be\/wp-content\/uploads\/2025\/11\/dinamo-300x300.png 300w, https:\/\/www.din-amo.be\/wp-content\/uploads\/2025\/11\/dinamo-150x150.png 150w, https:\/\/www.din-amo.be\/wp-content\/uploads\/2025\/11\/dinamo-768x768.png 768w, https:\/\/www.din-amo.be\/wp-content\/uploads\/2025\/11\/dinamo-1536x1536.png 1536w, https:\/\/www.din-amo.be\/wp-content\/uploads\/2025\/11\/dinamo-600x600.png 600w, https:\/\/www.din-amo.be\/wp-content\/uploads\/2025\/11\/dinamo.png 1920w\" sizes=\"(max-width: 1024px) 100vw, 1024px\" \/>\t\t\t\t\t\t\t\t\t\t\t\t\t\t\t<\/div>\n\t\t\t\t<\/div>\n\t\t\t\t<\/div>\n\t\t<div class=\"elementor-element elementor-element-defda45 e-con-full e-flex wpr-particle-no wpr-jarallax-no wpr-parallax-no wpr-sticky-section-no e-con e-child\" data-id=\"defda45\" data-element_type=\"container\" data-e-type=\"container\">\n\t\t\t\t<div class=\"elementor-element elementor-element-57f124e elementor-widget__width-initial elementor-widget elementor-widget-image\" data-id=\"57f124e\" data-element_type=\"widget\" data-e-type=\"widget\" data-widget_type=\"image.default\">\n\t\t\t\t<div class=\"elementor-widget-container\">\n\t\t\t\t\t\t\t\t\t\t\t\t\t\t\t\t<a href=\"https:\/\/missionlocale-nordardennes.fr\/la-parenthese-inattendue\">\n\t\t\t\t\t\t\t<img decoding=\"async\" width=\"225\" height=\"225\" src=\"https:\/\/www.din-amo.be\/wp-content\/uploads\/2025\/11\/Milo.png\" class=\"attachment-large size-large wp-image-3818\" alt=\"\" srcset=\"https:\/\/www.din-amo.be\/wp-content\/uploads\/2025\/11\/Milo.png 225w, https:\/\/www.din-amo.be\/wp-content\/uploads\/2025\/11\/Milo-150x150.png 150w\" sizes=\"(max-width: 225px) 100vw, 225px\" \/>\t\t\t\t\t\t\t\t<\/a>\n\t\t\t\t\t\t\t\t\t\t\t\t\t\t\t<\/div>\n\t\t\t\t<\/div>\n\t\t\t\t<\/div>\n\t\t\t\t\t<\/div>\n\t\t\t\t<\/div>\n\t\t<div class=\"elementor-element elementor-element-672f0839 e-flex e-con-boxed wpr-particle-no wpr-jarallax-no wpr-parallax-no wpr-sticky-section-no e-con e-parent\" data-id=\"672f0839\" data-element_type=\"container\" data-e-type=\"container\">\n\t\t\t\t\t<div class=\"e-con-inner\">\n\t\t\t\t<div class=\"elementor-element elementor-element-17fab43 elementor-widget elementor-widget-text-editor\" data-id=\"17fab43\" data-element_type=\"widget\" data-e-type=\"widget\" data-widget_type=\"text-editor.default\">\n\t\t\t\t<div class=\"elementor-widget-container\">\n\t\t\t\t\t\t\t\t\t\n<h1 class=\"wp-block-image size-large\"><a href=\"https:\/\/www.interreg-fwvl.eu\/fr\/presentation\"><img decoding=\"async\" width=\"1024\" height=\"579\" class=\"wp-image-3804\" src=\"https:\/\/www.din-amo.be\/wp-content\/uploads\/2025\/11\/logo-pi-1024x579.jpg\" alt=\"\" srcset=\"https:\/\/www.din-amo.be\/wp-content\/uploads\/2025\/11\/logo-pi-1024x579.jpg 1024w, https:\/\/www.din-amo.be\/wp-content\/uploads\/2025\/11\/logo-pi-300x170.jpg 300w, https:\/\/www.din-amo.be\/wp-content\/uploads\/2025\/11\/logo-pi-768x435.jpg 768w, https:\/\/www.din-amo.be\/wp-content\/uploads\/2025\/11\/logo-pi.jpg 1511w\" sizes=\"(max-width: 1024px) 100vw, 1024px\" \/><\/a><\/h1>\n\n<p>\u00a0<\/p>\n<p>La parenth\u00e8se inattendue est une action men\u00e9e en partenariat avec l\u2019association fran\u00e7aise, <a href=\"https:\/\/missionlocale-nordardennes.fr\/la-parenthese-inattendue\">la Mission locale Nord Ardennes<\/a>.<\/p>\n\n<p>La parenth\u00e8se inattendue va proposer un format innovant d\u2019accompagnement collectif sur une tr\u00e8s courte dur\u00e9e et pour moiti\u00e9 dans un nouvel environnement pour eux. Il s\u2019agit dans un 1er temps d\u2019une semaine immersive pour un groupe de 10 jeunes qui se d\u00e9roule en France et en Belgique. Durant cette semaine, ateliers et activit\u00e9s de tous types seront propos\u00e9s par les 2 structures dont les offres de services qui se compl\u00e8tent seront exploit\u00e9es : citoyennet\u00e9, sant\u00e9, mobilit\u00e9, sport, d\u00e9couverte de projet professionnel\u2026<br \/>A la suite de cette semaine, nous proposerons \u00e0 chaque jeune un suivi individuel ou la possibilit\u00e9 de vivre individuellement une exp\u00e9rience professionnelle et d\u2019int\u00e9gration sociale chez un partenaire associatif (un artisan local ou un employeur de la r\u00e9gion pour d\u00e9couvrir, sur le terrain, un m\u00e9tier).<br \/>Autre proposition de notre accompagnement : int\u00e9grer, r\u00e9int\u00e9grer une structure scolaire\/professionnelle.<\/p>\n\n<p>Cette action est financ\u00e9e par l\u2019Union Europ\u00e9enne sur le fonds Interreg dans le cadre de la priorit\u00e9 5 du programme : Renforcer les capacit\u00e9s des autorit\u00e9s publiques dans le processus de prise de d\u00e9cision et d\u2019organisation de la gouvernance et de la coop\u00e9ration territoriale, objectif sp\u00e9cifique : Construire la confiance mutuelle en particulier par l\u2019encouragement des actions interpersonnelles.<\/p>\n\t\t\t\t\t\t\t\t<\/div>\n\t\t\t\t<\/div>\n\t\t\t\t\t<\/div>\n\t\t\t\t<\/div>\n\t\t<div class=\"elementor-element elementor-element-fa877fe e-flex e-con-boxed wpr-particle-no wpr-jarallax-no wpr-parallax-no wpr-sticky-section-no e-con e-parent\" data-id=\"fa877fe\" data-element_type=\"container\" data-e-type=\"container\">\n\t\t\t\t\t<div class=\"e-con-inner\">\n\t\t\t\t\t<\/div>\n\t\t\t\t<\/div>\n\t\t<div class=\"elementor-element elementor-element-0c274d2 e-flex e-con-boxed wpr-particle-no wpr-jarallax-no wpr-parallax-no wpr-sticky-section-no e-con e-parent\" data-id=\"0c274d2\" data-element_type=\"container\" data-e-type=\"container\">\n\t\t\t\t\t<div class=\"e-con-inner\">\n\t\t\t\t<div class=\"elementor-element elementor-element-09a0a2e elementor-widget elementor-widget-image\" data-id=\"09a0a2e\" data-element_type=\"widget\" data-e-type=\"widget\" data-widget_type=\"image.default\">\n\t\t\t\t<div class=\"elementor-widget-container\">\n\t\t\t\t\t\t\t\t\t\t\t\t\t\t\t<img loading=\"lazy\" decoding=\"async\" width=\"725\" height=\"1024\" src=\"https:\/\/www.din-amo.be\/wp-content\/uploads\/2025\/11\/502585144_4006685672885153_3353615076407258945_n-725x1024.jpg\" class=\"attachment-large size-large wp-image-3820\" alt=\"\" srcset=\"https:\/\/www.din-amo.be\/wp-content\/uploads\/2025\/11\/502585144_4006685672885153_3353615076407258945_n-725x1024.jpg 725w, https:\/\/www.din-amo.be\/wp-content\/uploads\/2025\/11\/502585144_4006685672885153_3353615076407258945_n-212x300.jpg 212w, https:\/\/www.din-amo.be\/wp-content\/uploads\/2025\/11\/502585144_4006685672885153_3353615076407258945_n-768x1085.jpg 768w, https:\/\/www.din-amo.be\/wp-content\/uploads\/2025\/11\/502585144_4006685672885153_3353615076407258945_n.jpg 906w\" sizes=\"(max-width: 725px) 100vw, 725px\" \/>\t\t\t\t\t\t\t\t\t\t\t\t\t\t\t<\/div>\n\t\t\t\t<\/div>\n\t\t\t\t<div class=\"elementor-element elementor-element-0b5db67 elementor-widget elementor-widget-image\" data-id=\"0b5db67\" data-element_type=\"widget\" data-e-type=\"widget\" data-widget_type=\"image.default\">\n\t\t\t\t<div class=\"elementor-widget-container\">\n\t\t\t\t\t\t\t\t\t\t\t\t\t\t\t<img loading=\"lazy\" decoding=\"async\" width=\"724\" height=\"1024\" src=\"https:\/\/www.din-amo.be\/wp-content\/uploads\/2025\/11\/502153768_4007085436178510_3331135558175466194_n-724x1024.jpg\" class=\"attachment-large size-large wp-image-3821\" alt=\"\" srcset=\"https:\/\/www.din-amo.be\/wp-content\/uploads\/2025\/11\/502153768_4007085436178510_3331135558175466194_n-724x1024.jpg 724w, https:\/\/www.din-amo.be\/wp-content\/uploads\/2025\/11\/502153768_4007085436178510_3331135558175466194_n-212x300.jpg 212w, https:\/\/www.din-amo.be\/wp-content\/uploads\/2025\/11\/502153768_4007085436178510_3331135558175466194_n-768x1086.jpg 768w, https:\/\/www.din-amo.be\/wp-content\/uploads\/2025\/11\/502153768_4007085436178510_3331135558175466194_n-1086x1536.jpg 1086w, https:\/\/www.din-amo.be\/wp-content\/uploads\/2025\/11\/502153768_4007085436178510_3331135558175466194_n.jpg 1414w\" sizes=\"(max-width: 724px) 100vw, 724px\" \/>\t\t\t\t\t\t\t\t\t\t\t\t\t\t\t<\/div>\n\t\t\t\t<\/div>\n\t\t\t\t<div class=\"elementor-element elementor-element-c140f04 elementor-widget elementor-widget-image\" data-id=\"c140f04\" data-element_type=\"widget\" data-e-type=\"widget\" data-widget_type=\"image.default\">\n\t\t\t\t<div class=\"elementor-widget-container\">\n\t\t\t\t\t\t\t\t\t\t\t\t\t\t\t<img loading=\"lazy\" decoding=\"async\" width=\"724\" height=\"1024\" src=\"https:\/\/www.din-amo.be\/wp-content\/uploads\/2025\/11\/547522642_4108770672676652_8150264534221553871_n-724x1024.jpg\" class=\"attachment-large size-large wp-image-3822\" alt=\"\" srcset=\"https:\/\/www.din-amo.be\/wp-content\/uploads\/2025\/11\/547522642_4108770672676652_8150264534221553871_n-724x1024.jpg 724w, https:\/\/www.din-amo.be\/wp-content\/uploads\/2025\/11\/547522642_4108770672676652_8150264534221553871_n-212x300.jpg 212w, https:\/\/www.din-amo.be\/wp-content\/uploads\/2025\/11\/547522642_4108770672676652_8150264534221553871_n-768x1086.jpg 768w, https:\/\/www.din-amo.be\/wp-content\/uploads\/2025\/11\/547522642_4108770672676652_8150264534221553871_n-1086x1536.jpg 1086w, https:\/\/www.din-amo.be\/wp-content\/uploads\/2025\/11\/547522642_4108770672676652_8150264534221553871_n.jpg 1448w\" sizes=\"(max-width: 724px) 100vw, 724px\" \/>\t\t\t\t\t\t\t\t\t\t\t\t\t\t\t<\/div>\n\t\t\t\t<\/div>\n\t\t\t\t<div class=\"elementor-element elementor-element-79384e3 elementor-widget elementor-widget-image\" data-id=\"79384e3\" data-element_type=\"widget\" data-e-type=\"widget\" data-widget_type=\"image.default\">\n\t\t\t\t<div class=\"elementor-widget-container\">\n\t\t\t\t\t\t\t\t\t\t\t\t\t\t\t<img loading=\"lazy\" decoding=\"async\" width=\"724\" height=\"1024\" src=\"https:\/\/www.din-amo.be\/wp-content\/uploads\/2025\/11\/581933281_4167997266753992_637502731116089625_n-724x1024.jpg\" class=\"attachment-large size-large wp-image-3824\" alt=\"\" srcset=\"https:\/\/www.din-amo.be\/wp-content\/uploads\/2025\/11\/581933281_4167997266753992_637502731116089625_n-724x1024.jpg 724w, https:\/\/www.din-amo.be\/wp-content\/uploads\/2025\/11\/581933281_4167997266753992_637502731116089625_n-212x300.jpg 212w, https:\/\/www.din-amo.be\/wp-content\/uploads\/2025\/11\/581933281_4167997266753992_637502731116089625_n-768x1086.jpg 768w, https:\/\/www.din-amo.be\/wp-content\/uploads\/2025\/11\/581933281_4167997266753992_637502731116089625_n-1086x1536.jpg 1086w, https:\/\/www.din-amo.be\/wp-content\/uploads\/2025\/11\/581933281_4167997266753992_637502731116089625_n.jpg 1414w\" sizes=\"(max-width: 724px) 100vw, 724px\" \/>\t\t\t\t\t\t\t\t\t\t\t\t\t\t\t<\/div>\n\t\t\t\t<\/div>\n\t\t\t\t\t<\/div>\n\t\t\t\t<\/div>\n\t\t\t\t<\/div>\n\t\t","protected":false},"excerpt":{"rendered":"<p>\u00a0 La parenth\u00e8se inattendue est une action men\u00e9e en partenariat avec l\u2019association fran\u00e7aise, la Mission locale Nord Ardennes. La parenth\u00e8se inattendue va proposer un format innovant d\u2019accompagnement collectif sur une tr\u00e8s courte dur\u00e9e et pour moiti\u00e9 dans un nouvel environnement pour eux. Il s\u2019agit dans un 1er temps d\u2019une semaine immersive pour un groupe de 10 jeunes qui se d\u00e9roule en France et en Belgique. Durant cette semaine, ateliers et activit\u00e9s de tous types seront propos\u00e9s par les 2 structures dont les offres de services qui se compl\u00e8tent seront exploit\u00e9es : citoyennet\u00e9, sant\u00e9, mobilit\u00e9, sport, d\u00e9couverte de projet professionnel\u2026A la suite de cette semaine, nous proposerons \u00e0 chaque jeune un suivi individuel ou la possibilit\u00e9 de vivre individuellement une exp\u00e9rience professionnelle et d\u2019int\u00e9gration sociale chez un partenaire associatif (un artisan local ou un employeur de la r\u00e9gion pour d\u00e9couvrir, sur le terrain, un m\u00e9tier).Autre proposition de notre accompagnement : int\u00e9grer, r\u00e9int\u00e9grer une structure scolaire\/professionnelle. Cette action est financ\u00e9e par l\u2019Union Europ\u00e9enne sur le fonds Interreg dans le cadre de la priorit\u00e9 5 du programme : Renforcer les capacit\u00e9s des autorit\u00e9s publiques dans le processus de prise de d\u00e9cision et d\u2019organisation de la gouvernance et de la coop\u00e9ration territoriale, objectif sp\u00e9cifique : Construire la confiance mutuelle en particulier par l\u2019encouragement des actions interpersonnelles.<\/p>\n","protected":false},"author":10,"featured_media":0,"parent":2584,"menu_order":10,"comment_status":"closed","ping_status":"closed","template":"","meta":{"_eb_attr":"","ocean_post_layout":"","ocean_both_sidebars_style":"","ocean_both_sidebars_content_width":0,"ocean_both_sidebars_sidebars_width":0,"ocean_sidebar":"","ocean_second_sidebar":"","ocean_disable_margins":"enable","ocean_add_body_class":"","ocean_shortcode_before_top_bar":"","ocean_shortcode_after_top_bar":"","ocean_shortcode_before_header":"","ocean_shortcode_after_header":"","ocean_has_shortcode":"","ocean_shortcode_after_title":"","ocean_shortcode_before_footer_widgets":"","ocean_shortcode_after_footer_widgets":"","ocean_shortcode_before_footer_bottom":"","ocean_shortcode_after_footer_bottom":"","ocean_display_top_bar":"default","ocean_display_header":"default","ocean_header_style":"","ocean_center_header_left_menu":"","ocean_custom_header_template":"","ocean_custom_logo":0,"ocean_custom_retina_logo":0,"ocean_custom_logo_max_width":0,"ocean_custom_logo_tablet_max_width":0,"ocean_custom_logo_mobile_max_width":0,"ocean_custom_logo_max_height":0,"ocean_custom_logo_tablet_max_height":0,"ocean_custom_logo_mobile_max_height":0,"ocean_header_custom_menu":"","ocean_menu_typo_font_family":"","ocean_menu_typo_font_subset":"","ocean_menu_typo_font_size":0,"ocean_menu_typo_font_size_tablet":0,"ocean_menu_typo_font_size_mobile":0,"ocean_menu_typo_font_size_unit":"px","ocean_menu_typo_font_weight":"","ocean_menu_typo_font_weight_tablet":"","ocean_menu_typo_font_weight_mobile":"","ocean_menu_typo_transform":"","ocean_menu_typo_transform_tablet":"","ocean_menu_typo_transform_mobile":"","ocean_menu_typo_line_height":0,"ocean_menu_typo_line_height_tablet":0,"ocean_menu_typo_line_height_mobile":0,"ocean_menu_typo_line_height_unit":"","ocean_menu_typo_spacing":0,"ocean_menu_typo_spacing_tablet":0,"ocean_menu_typo_spacing_mobile":0,"ocean_menu_typo_spacing_unit":"","ocean_menu_link_color":"","ocean_menu_link_color_hover":"","ocean_menu_link_color_active":"","ocean_menu_link_background":"","ocean_menu_link_hover_background":"","ocean_menu_link_active_background":"","ocean_menu_social_links_bg":"","ocean_menu_social_hover_links_bg":"","ocean_menu_social_links_color":"","ocean_menu_social_hover_links_color":"","ocean_disable_title":"default","ocean_disable_heading":"default","ocean_post_title":"","ocean_post_subheading":"","ocean_post_title_style":"","ocean_post_title_background_color":"","ocean_post_title_background":0,"ocean_post_title_bg_image_position":"","ocean_post_title_bg_image_attachment":"","ocean_post_title_bg_image_repeat":"","ocean_post_title_bg_image_size":"","ocean_post_title_height":0,"ocean_post_title_bg_overlay":0.5,"ocean_post_title_bg_overlay_color":"","ocean_disable_breadcrumbs":"default","ocean_breadcrumbs_color":"","ocean_breadcrumbs_separator_color":"","ocean_breadcrumbs_links_color":"","ocean_breadcrumbs_links_hover_color":"","ocean_display_footer_widgets":"default","ocean_display_footer_bottom":"default","ocean_custom_footer_template":"","footnotes":""},"class_list":["post-3800","page","type-page","status-publish","hentry","entry"],"_links":{"self":[{"href":"https:\/\/www.din-amo.be\/index.php?rest_route=\/wp\/v2\/pages\/3800","targetHints":{"allow":["GET"]}}],"collection":[{"href":"https:\/\/www.din-amo.be\/index.php?rest_route=\/wp\/v2\/pages"}],"about":[{"href":"https:\/\/www.din-amo.be\/index.php?rest_route=\/wp\/v2\/types\/page"}],"author":[{"embeddable":true,"href":"https:\/\/www.din-amo.be\/index.php?rest_route=\/wp\/v2\/users\/10"}],"replies":[{"embeddable":true,"href":"https:\/\/www.din-amo.be\/index.php?rest_route=%2Fwp%2Fv2%2Fcomments&post=3800"}],"version-history":[{"count":14,"href":"https:\/\/www.din-amo.be\/index.php?rest_route=\/wp\/v2\/pages\/3800\/revisions"}],"predecessor-version":[{"id":3837,"href":"https:\/\/www.din-amo.be\/index.php?rest_route=\/wp\/v2\/pages\/3800\/revisions\/3837"}],"up":[{"embeddable":true,"href":"https:\/\/www.din-amo.be\/index.php?rest_route=\/wp\/v2\/pages\/2584"}],"wp:attachment":[{"href":"https:\/\/www.din-amo.be\/index.php?rest_route=%2Fwp%2Fv2%2Fmedia&parent=3800"}],"curies":[{"name":"wp","href":"https:\/\/api.w.org\/{rel}","templated":true}]}}