{"id":3093,"date":"2023-12-12T15:02:16","date_gmt":"2023-12-12T14:02:16","guid":{"rendered":"http:\/\/www.din-amo.be\/?page_id=3093"},"modified":"2023-12-19T14:14:26","modified_gmt":"2023-12-19T13:14:26","slug":"trouve-toit-2","status":"publish","type":"page","link":"https:\/\/www.din-amo.be\/?page_id=3093","title":{"rendered":"Trouve to\u00eet"},"content":{"rendered":"\t\t<div data-elementor-type=\"wp-page\" data-elementor-id=\"3093\" class=\"elementor elementor-3093\">\n\t\t\t\t<div class=\"elementor-element elementor-element-eaa048b e-flex e-con-boxed wpr-particle-no wpr-jarallax-no wpr-parallax-no wpr-sticky-section-no e-con e-parent\" data-id=\"eaa048b\" data-element_type=\"container\" data-e-type=\"container\">\n\t\t\t\t\t<div class=\"e-con-inner\">\n\t\t<div class=\"elementor-element elementor-element-1584704 e-con-full e-flex wpr-particle-no wpr-jarallax-no wpr-parallax-no wpr-sticky-section-no e-con e-child\" data-id=\"1584704\" data-element_type=\"container\" data-e-type=\"container\">\n\t\t\t\t<div class=\"elementor-element elementor-element-805dc95 elementor-widget elementor-widget-image\" data-id=\"805dc95\" data-element_type=\"widget\" data-e-type=\"widget\" data-widget_type=\"image.default\">\n\t\t\t\t<div class=\"elementor-widget-container\">\n\t\t\t\t\t\t\t\t\t\t\t\t\t\t\t<img fetchpriority=\"high\" decoding=\"async\" width=\"375\" height=\"375\" src=\"https:\/\/www.din-amo.be\/wp-content\/uploads\/2023\/12\/Trouve-toit.png\" class=\"attachment-large size-large wp-image-2586\" alt=\"\" srcset=\"https:\/\/www.din-amo.be\/wp-content\/uploads\/2023\/12\/Trouve-toit.png 375w, https:\/\/www.din-amo.be\/wp-content\/uploads\/2023\/12\/Trouve-toit-300x300.png 300w, https:\/\/www.din-amo.be\/wp-content\/uploads\/2023\/12\/Trouve-toit-150x150.png 150w, https:\/\/www.din-amo.be\/wp-content\/uploads\/2023\/12\/Trouve-toit-100x100.png 100w, https:\/\/www.din-amo.be\/wp-content\/uploads\/2023\/12\/Trouve-toit-105x105.png 105w, https:\/\/www.din-amo.be\/wp-content\/uploads\/2023\/12\/Trouve-toit-212x212.png 212w, https:\/\/www.din-amo.be\/wp-content\/uploads\/2023\/12\/Trouve-toit-75x75.png 75w, https:\/\/www.din-amo.be\/wp-content\/uploads\/2023\/12\/Trouve-toit-56x56.png 56w, https:\/\/www.din-amo.be\/wp-content\/uploads\/2023\/12\/Trouve-toit-69x69.png 69w, https:\/\/www.din-amo.be\/wp-content\/uploads\/2023\/12\/Trouve-toit-145x145.png 145w\" sizes=\"(max-width: 375px) 100vw, 375px\" \/>\t\t\t\t\t\t\t\t\t\t\t\t\t\t\t<\/div>\n\t\t\t\t<\/div>\n\t\t\t\t<\/div>\n\t\t<div class=\"elementor-element elementor-element-6faf347 e-con-full e-flex wpr-particle-no wpr-jarallax-no wpr-parallax-no wpr-sticky-section-no e-con e-child\" data-id=\"6faf347\" data-element_type=\"container\" data-e-type=\"container\">\n\t\t\t\t<div class=\"elementor-element elementor-element-cecf5f6 elementor-widget elementor-widget-text-editor\" data-id=\"cecf5f6\" data-element_type=\"widget\" data-e-type=\"widget\" data-widget_type=\"text-editor.default\">\n\t\t\t\t<div class=\"elementor-widget-container\">\n\t\t\t\t\t\t\t\t\t<p>Accompagnement social sp\u00e9cifique et partenarial de jeunes en situation de pr\u00e9carit\u00e9 de 15 \u00e0 25 ans dans un b\u00e2timent pouvant accueillir 3 jeunes.\u00a0 Mise en place d\u2019ateliers multisectoriels d\u00e9di\u00e9s \u00e0 l\u2019habitat, au d\u00e9veloppement personnel et \u00e0 l\u2019autonomisation.<\/p>\t\t\t\t\t\t\t\t<\/div>\n\t\t\t\t<\/div>\n\t\t\t\t<div class=\"elementor-element elementor-element-ca9ba05 elementor-widget-divider--view-line elementor-widget elementor-widget-divider\" data-id=\"ca9ba05\" data-element_type=\"widget\" data-e-type=\"widget\" data-widget_type=\"divider.default\">\n\t\t\t\t<div class=\"elementor-widget-container\">\n\t\t\t\t\t\t\t<div class=\"elementor-divider\">\n\t\t\t<span class=\"elementor-divider-separator\">\n\t\t\t\t\t\t<\/span>\n\t\t<\/div>\n\t\t\t\t\t\t<\/div>\n\t\t\t\t<\/div>\n\t\t\t\t<\/div>\n\t\t\t\t\t<\/div>\n\t\t\t\t<\/div>\n\t\t<div class=\"elementor-element elementor-element-fdf3e33 e-flex e-con-boxed wpr-particle-no wpr-jarallax-no wpr-parallax-no wpr-sticky-section-no e-con e-parent\" data-id=\"fdf3e33\" data-element_type=\"container\" data-e-type=\"container\">\n\t\t\t\t\t<div class=\"e-con-inner\">\n\t\t\t\t<div class=\"elementor-element elementor-element-fa33480 elementor-widget elementor-widget-heading\" data-id=\"fa33480\" data-element_type=\"widget\" data-e-type=\"widget\" data-widget_type=\"heading.default\">\n\t\t\t\t<div class=\"elementor-widget-container\">\n\t\t\t\t\t<h2 class=\"elementor-heading-title elementor-size-default\">En construction...<\/h2>\t\t\t\t<\/div>\n\t\t\t\t<\/div>\n\t\t\t\t\t<\/div>\n\t\t\t\t<\/div>\n\t\t\t\t<\/div>\n\t\t","protected":false},"excerpt":{"rendered":"<p>Accompagnement social sp\u00e9cifique et partenarial de jeunes en situation de pr\u00e9carit\u00e9 de 15 \u00e0 25 ans dans un b\u00e2timent pouvant accueillir 3 jeunes.\u00a0 Mise en place d\u2019ateliers multisectoriels d\u00e9di\u00e9s \u00e0 l\u2019habitat, au d\u00e9veloppement personnel et \u00e0 l\u2019autonomisation. En construction&#8230;<\/p>\n","protected":false},"author":9,"featured_media":0,"parent":2584,"menu_order":1,"comment_status":"closed","ping_status":"closed","template":"","meta":{"_eb_attr":"","ocean_post_layout":"","ocean_both_sidebars_style":"","ocean_both_sidebars_content_width":0,"ocean_both_sidebars_sidebars_width":0,"ocean_sidebar":"","ocean_second_sidebar":"","ocean_disable_margins":"enable","ocean_add_body_class":"","ocean_shortcode_before_top_bar":"","ocean_shortcode_after_top_bar":"","ocean_shortcode_before_header":"","ocean_shortcode_after_header":"","ocean_has_shortcode":"","ocean_shortcode_after_title":"","ocean_shortcode_before_footer_widgets":"","ocean_shortcode_after_footer_widgets":"","ocean_shortcode_before_footer_bottom":"","ocean_shortcode_after_footer_bottom":"","ocean_display_top_bar":"default","ocean_display_header":"default","ocean_header_style":"","ocean_center_header_left_menu":"","ocean_custom_header_template":"","ocean_custom_logo":0,"ocean_custom_retina_logo":0,"ocean_custom_logo_max_width":0,"ocean_custom_logo_tablet_max_width":0,"ocean_custom_logo_mobile_max_width":0,"ocean_custom_logo_max_height":0,"ocean_custom_logo_tablet_max_height":0,"ocean_custom_logo_mobile_max_height":0,"ocean_header_custom_menu":"","ocean_menu_typo_font_family":"","ocean_menu_typo_font_subset":"","ocean_menu_typo_font_size":0,"ocean_menu_typo_font_size_tablet":0,"ocean_menu_typo_font_size_mobile":0,"ocean_menu_typo_font_size_unit":"px","ocean_menu_typo_font_weight":"","ocean_menu_typo_font_weight_tablet":"","ocean_menu_typo_font_weight_mobile":"","ocean_menu_typo_transform":"","ocean_menu_typo_transform_tablet":"","ocean_menu_typo_transform_mobile":"","ocean_menu_typo_line_height":0,"ocean_menu_typo_line_height_tablet":0,"ocean_menu_typo_line_height_mobile":0,"ocean_menu_typo_line_height_unit":"","ocean_menu_typo_spacing":0,"ocean_menu_typo_spacing_tablet":0,"ocean_menu_typo_spacing_mobile":0,"ocean_menu_typo_spacing_unit":"","ocean_menu_link_color":"","ocean_menu_link_color_hover":"","ocean_menu_link_color_active":"","ocean_menu_link_background":"","ocean_menu_link_hover_background":"","ocean_menu_link_active_background":"","ocean_menu_social_links_bg":"","ocean_menu_social_hover_links_bg":"","ocean_menu_social_links_color":"","ocean_menu_social_hover_links_color":"","ocean_disable_title":"default","ocean_disable_heading":"default","ocean_post_title":"","ocean_post_subheading":"","ocean_post_title_style":"","ocean_post_title_background_color":"","ocean_post_title_background":0,"ocean_post_title_bg_image_position":"","ocean_post_title_bg_image_attachment":"","ocean_post_title_bg_image_repeat":"","ocean_post_title_bg_image_size":"","ocean_post_title_height":0,"ocean_post_title_bg_overlay":0.5,"ocean_post_title_bg_overlay_color":"","ocean_disable_breadcrumbs":"default","ocean_breadcrumbs_color":"","ocean_breadcrumbs_separator_color":"","ocean_breadcrumbs_links_color":"","ocean_breadcrumbs_links_hover_color":"","ocean_display_footer_widgets":"default","ocean_display_footer_bottom":"default","ocean_custom_footer_template":"","footnotes":""},"class_list":["post-3093","page","type-page","status-publish","hentry","entry"],"_links":{"self":[{"href":"https:\/\/www.din-amo.be\/index.php?rest_route=\/wp\/v2\/pages\/3093","targetHints":{"allow":["GET"]}}],"collection":[{"href":"https:\/\/www.din-amo.be\/index.php?rest_route=\/wp\/v2\/pages"}],"about":[{"href":"https:\/\/www.din-amo.be\/index.php?rest_route=\/wp\/v2\/types\/page"}],"author":[{"embeddable":true,"href":"https:\/\/www.din-amo.be\/index.php?rest_route=\/wp\/v2\/users\/9"}],"replies":[{"embeddable":true,"href":"https:\/\/www.din-amo.be\/index.php?rest_route=%2Fwp%2Fv2%2Fcomments&post=3093"}],"version-history":[{"count":8,"href":"https:\/\/www.din-amo.be\/index.php?rest_route=\/wp\/v2\/pages\/3093\/revisions"}],"predecessor-version":[{"id":3676,"href":"https:\/\/www.din-amo.be\/index.php?rest_route=\/wp\/v2\/pages\/3093\/revisions\/3676"}],"up":[{"embeddable":true,"href":"https:\/\/www.din-amo.be\/index.php?rest_route=\/wp\/v2\/pages\/2584"}],"wp:attachment":[{"href":"https:\/\/www.din-amo.be\/index.php?rest_route=%2Fwp%2Fv2%2Fmedia&parent=3093"}],"curies":[{"name":"wp","href":"https:\/\/api.w.org\/{rel}","templated":true}]}}