{"id":2584,"date":"2023-12-04T16:17:19","date_gmt":"2023-12-04T15:17:19","guid":{"rendered":"http:\/\/www.din-amo.be\/?page_id=2584"},"modified":"2023-12-19T14:12:29","modified_gmt":"2023-12-19T13:12:29","slug":"elementor-2584","status":"publish","type":"page","link":"https:\/\/www.din-amo.be\/?page_id=2584","title":{"rendered":"Actions"},"content":{"rendered":"\t\t<div data-elementor-type=\"wp-page\" data-elementor-id=\"2584\" class=\"elementor elementor-2584\">\n\t\t\t\t<div class=\"elementor-element elementor-element-ac2b440 e-flex e-con-boxed wpr-particle-no wpr-jarallax-no wpr-parallax-no wpr-sticky-section-no e-con e-parent\" data-id=\"ac2b440\" data-element_type=\"container\" data-e-type=\"container\" data-settings=\"{&quot;shape_divider_bottom&quot;:&quot;tilt&quot;}\">\n\t\t\t\t\t<div class=\"e-con-inner\">\n\t\t\t\t<div class=\"elementor-shape elementor-shape-bottom\" aria-hidden=\"true\" data-negative=\"false\">\n\t\t\t<svg xmlns=\"http:\/\/www.w3.org\/2000\/svg\" viewBox=\"0 0 1000 100\" preserveAspectRatio=\"none\">\n\t<path class=\"elementor-shape-fill\" d=\"M0,6V0h1000v100L0,6z\"\/>\n<\/svg>\t\t<\/div>\n\t\t<div class=\"elementor-element elementor-element-17a4135 e-con-full e-flex wpr-particle-no wpr-jarallax-no wpr-parallax-no wpr-sticky-section-no e-con e-child\" data-id=\"17a4135\" data-element_type=\"container\" data-e-type=\"container\">\n\t\t\t\t<div class=\"elementor-element elementor-element-0bc4da5 elementor-widget elementor-widget-image\" data-id=\"0bc4da5\" data-element_type=\"widget\" data-e-type=\"widget\" data-widget_type=\"image.default\">\n\t\t\t\t<div class=\"elementor-widget-container\">\n\t\t\t\t\t\t\t\t\t\t\t\t\t\t\t\t<a href=\"http:\/\/www.din-amo.be\/?page_id=3093\">\n\t\t\t\t\t\t\t<img fetchpriority=\"high\" decoding=\"async\" width=\"375\" height=\"375\" src=\"https:\/\/www.din-amo.be\/wp-content\/uploads\/2023\/12\/Trouve-toit.png\" class=\"attachment-large size-large wp-image-2586\" alt=\"\" srcset=\"https:\/\/www.din-amo.be\/wp-content\/uploads\/2023\/12\/Trouve-toit.png 375w, https:\/\/www.din-amo.be\/wp-content\/uploads\/2023\/12\/Trouve-toit-300x300.png 300w, https:\/\/www.din-amo.be\/wp-content\/uploads\/2023\/12\/Trouve-toit-150x150.png 150w, https:\/\/www.din-amo.be\/wp-content\/uploads\/2023\/12\/Trouve-toit-100x100.png 100w, https:\/\/www.din-amo.be\/wp-content\/uploads\/2023\/12\/Trouve-toit-105x105.png 105w, https:\/\/www.din-amo.be\/wp-content\/uploads\/2023\/12\/Trouve-toit-212x212.png 212w, https:\/\/www.din-amo.be\/wp-content\/uploads\/2023\/12\/Trouve-toit-75x75.png 75w, https:\/\/www.din-amo.be\/wp-content\/uploads\/2023\/12\/Trouve-toit-56x56.png 56w, https:\/\/www.din-amo.be\/wp-content\/uploads\/2023\/12\/Trouve-toit-69x69.png 69w, https:\/\/www.din-amo.be\/wp-content\/uploads\/2023\/12\/Trouve-toit-145x145.png 145w\" sizes=\"(max-width: 375px) 100vw, 375px\" \/>\t\t\t\t\t\t\t\t<\/a>\n\t\t\t\t\t\t\t\t\t\t\t\t\t\t\t<\/div>\n\t\t\t\t<\/div>\n\t\t\t\t<\/div>\n\t\t<div class=\"elementor-element elementor-element-52c20d7 e-con-full e-flex wpr-particle-no wpr-jarallax-no wpr-parallax-no wpr-sticky-section-no e-con e-child\" data-id=\"52c20d7\" data-element_type=\"container\" data-e-type=\"container\">\n\t\t\t\t<div class=\"elementor-element elementor-element-62f438c elementor-widget elementor-widget-text-editor\" data-id=\"62f438c\" data-element_type=\"widget\" data-e-type=\"widget\" data-widget_type=\"text-editor.default\">\n\t\t\t\t<div class=\"elementor-widget-container\">\n\t\t\t\t\t\t\t\t\t<p>Accompagnement social sp\u00e9cifique et partenarial de jeunes en situation de pr\u00e9carit\u00e9 de 15 \u00e0 25 ans dans un b\u00e2timent pouvant accueillir 3 jeunes.<\/p><p>Mise en place d\u2019ateliers multisectoriels d\u00e9di\u00e9s \u00e0 l\u2019habitat, au d\u00e9veloppement personnel et \u00e0 l\u2019autonomisation.<\/p>\t\t\t\t\t\t\t\t<\/div>\n\t\t\t\t<\/div>\n\t\t\t\t<div class=\"elementor-element elementor-element-6c57a4b elementor-align-center elementor-widget elementor-widget-button\" data-id=\"6c57a4b\" data-element_type=\"widget\" data-e-type=\"widget\" data-widget_type=\"button.default\">\n\t\t\t\t<div class=\"elementor-widget-container\">\n\t\t\t\t\t\t\t\t\t<div class=\"elementor-button-wrapper\">\n\t\t\t\t\t<a class=\"elementor-button elementor-button-link elementor-size-sm\" href=\"http:\/\/www.din-amo.be\/?page_id=3093\">\n\t\t\t\t\t\t<span class=\"elementor-button-content-wrapper\">\n\t\t\t\t\t\t\t\t\t<span class=\"elementor-button-text\">En savoir plus<\/span>\n\t\t\t\t\t<\/span>\n\t\t\t\t\t<\/a>\n\t\t\t\t<\/div>\n\t\t\t\t\t\t\t\t<\/div>\n\t\t\t\t<\/div>\n\t\t\t\t<\/div>\n\t\t\t\t\t<\/div>\n\t\t\t\t<\/div>\n\t\t<div class=\"elementor-element elementor-element-9978522 e-flex e-con-boxed wpr-particle-no wpr-jarallax-no wpr-parallax-no wpr-sticky-section-no e-con e-parent\" data-id=\"9978522\" data-element_type=\"container\" data-e-type=\"container\" data-settings=\"{&quot;shape_divider_bottom&quot;:&quot;tilt&quot;}\">\n\t\t\t\t\t<div class=\"e-con-inner\">\n\t\t\t\t<div class=\"elementor-shape elementor-shape-bottom\" aria-hidden=\"true\" data-negative=\"false\">\n\t\t\t<svg xmlns=\"http:\/\/www.w3.org\/2000\/svg\" viewBox=\"0 0 1000 100\" preserveAspectRatio=\"none\">\n\t<path class=\"elementor-shape-fill\" d=\"M0,6V0h1000v100L0,6z\"\/>\n<\/svg>\t\t<\/div>\n\t\t<div class=\"elementor-element elementor-element-96eda39 e-con-full e-flex wpr-particle-no wpr-jarallax-no wpr-parallax-no wpr-sticky-section-no e-con e-child\" data-id=\"96eda39\" data-element_type=\"container\" data-e-type=\"container\">\n\t\t\t\t<div class=\"elementor-element elementor-element-5356ba8 elementor-widget elementor-widget-text-editor\" data-id=\"5356ba8\" data-element_type=\"widget\" data-e-type=\"widget\" data-widget_type=\"text-editor.default\">\n\t\t\t\t<div class=\"elementor-widget-container\">\n\t\t\t\t\t\t\t\t\t<p>Le projet \u00ab\u00a0Rebond\u00a0\u00bb est une initiative partenariale qui vise \u00e0 une (re)mobilisation des ressources de jeunes en situation de vuln\u00e9rabilit\u00e9 et de d\u00e9crochage social \u00e0 travers un parcours \u00e9volutif d\u2019activit\u00e9s port\u00e9es par les partenaires du projet.<\/p>\t\t\t\t\t\t\t\t<\/div>\n\t\t\t\t<\/div>\n\t\t\t\t<div class=\"elementor-element elementor-element-1d7089a elementor-align-center elementor-widget elementor-widget-button\" data-id=\"1d7089a\" data-element_type=\"widget\" data-e-type=\"widget\" data-widget_type=\"button.default\">\n\t\t\t\t<div class=\"elementor-widget-container\">\n\t\t\t\t\t\t\t\t\t<div class=\"elementor-button-wrapper\">\n\t\t\t\t\t<a class=\"elementor-button elementor-button-link elementor-size-sm\" href=\"http:\/\/www.din-amo.be\/?page_id=3103\">\n\t\t\t\t\t\t<span class=\"elementor-button-content-wrapper\">\n\t\t\t\t\t\t\t\t\t<span class=\"elementor-button-text\">En savoir plus<\/span>\n\t\t\t\t\t<\/span>\n\t\t\t\t\t<\/a>\n\t\t\t\t<\/div>\n\t\t\t\t\t\t\t\t<\/div>\n\t\t\t\t<\/div>\n\t\t\t\t<\/div>\n\t\t<div class=\"elementor-element elementor-element-1671fb5 e-con-full e-flex wpr-particle-no wpr-jarallax-no wpr-parallax-no wpr-sticky-section-no e-con e-child\" data-id=\"1671fb5\" data-element_type=\"container\" data-e-type=\"container\">\n\t\t\t\t<div class=\"elementor-element elementor-element-cd8fc36 elementor-widget elementor-widget-image\" data-id=\"cd8fc36\" data-element_type=\"widget\" data-e-type=\"widget\" data-widget_type=\"image.default\">\n\t\t\t\t<div class=\"elementor-widget-container\">\n\t\t\t\t\t\t\t\t\t\t\t\t\t\t\t\t<a href=\"http:\/\/www.din-amo.be\/?page_id=3103\">\n\t\t\t\t\t\t\t<img decoding=\"async\" width=\"375\" height=\"375\" src=\"https:\/\/www.din-amo.be\/wp-content\/uploads\/2023\/12\/REBOND.png\" class=\"attachment-large size-large wp-image-2589\" alt=\"\" srcset=\"https:\/\/www.din-amo.be\/wp-content\/uploads\/2023\/12\/REBOND.png 375w, https:\/\/www.din-amo.be\/wp-content\/uploads\/2023\/12\/REBOND-300x300.png 300w, https:\/\/www.din-amo.be\/wp-content\/uploads\/2023\/12\/REBOND-150x150.png 150w, https:\/\/www.din-amo.be\/wp-content\/uploads\/2023\/12\/REBOND-100x100.png 100w, https:\/\/www.din-amo.be\/wp-content\/uploads\/2023\/12\/REBOND-105x105.png 105w, https:\/\/www.din-amo.be\/wp-content\/uploads\/2023\/12\/REBOND-212x212.png 212w, https:\/\/www.din-amo.be\/wp-content\/uploads\/2023\/12\/REBOND-75x75.png 75w, https:\/\/www.din-amo.be\/wp-content\/uploads\/2023\/12\/REBOND-56x56.png 56w, https:\/\/www.din-amo.be\/wp-content\/uploads\/2023\/12\/REBOND-69x69.png 69w, https:\/\/www.din-amo.be\/wp-content\/uploads\/2023\/12\/REBOND-145x145.png 145w\" sizes=\"(max-width: 375px) 100vw, 375px\" \/>\t\t\t\t\t\t\t\t<\/a>\n\t\t\t\t\t\t\t\t\t\t\t\t\t\t\t<\/div>\n\t\t\t\t<\/div>\n\t\t\t\t<\/div>\n\t\t\t\t\t<\/div>\n\t\t\t\t<\/div>\n\t\t<div class=\"elementor-element elementor-element-fa9210b e-flex e-con-boxed wpr-particle-no wpr-jarallax-no wpr-parallax-no wpr-sticky-section-no e-con e-parent\" data-id=\"fa9210b\" data-element_type=\"container\" data-e-type=\"container\" data-settings=\"{&quot;shape_divider_bottom&quot;:&quot;tilt&quot;}\">\n\t\t\t\t\t<div class=\"e-con-inner\">\n\t\t\t\t<div class=\"elementor-shape elementor-shape-bottom\" aria-hidden=\"true\" data-negative=\"false\">\n\t\t\t<svg xmlns=\"http:\/\/www.w3.org\/2000\/svg\" viewBox=\"0 0 1000 100\" preserveAspectRatio=\"none\">\n\t<path class=\"elementor-shape-fill\" d=\"M0,6V0h1000v100L0,6z\"\/>\n<\/svg>\t\t<\/div>\n\t\t<div class=\"elementor-element elementor-element-66481fd e-con-full e-flex wpr-particle-no wpr-jarallax-no wpr-parallax-no wpr-sticky-section-no e-con e-child\" data-id=\"66481fd\" data-element_type=\"container\" data-e-type=\"container\">\n\t\t\t\t<div class=\"elementor-element elementor-element-42b711d elementor-widget elementor-widget-image\" data-id=\"42b711d\" data-element_type=\"widget\" data-e-type=\"widget\" data-widget_type=\"image.default\">\n\t\t\t\t<div class=\"elementor-widget-container\">\n\t\t\t\t\t\t\t\t\t\t\t\t\t\t\t\t<a href=\"http:\/\/www.din-amo.be\/?page_id=3111\">\n\t\t\t\t\t\t\t<img decoding=\"async\" width=\"375\" height=\"375\" src=\"https:\/\/www.din-amo.be\/wp-content\/uploads\/2023\/12\/ENTREZ.png\" class=\"attachment-large size-large wp-image-2591\" alt=\"\" srcset=\"https:\/\/www.din-amo.be\/wp-content\/uploads\/2023\/12\/ENTREZ.png 375w, https:\/\/www.din-amo.be\/wp-content\/uploads\/2023\/12\/ENTREZ-300x300.png 300w, https:\/\/www.din-amo.be\/wp-content\/uploads\/2023\/12\/ENTREZ-150x150.png 150w, https:\/\/www.din-amo.be\/wp-content\/uploads\/2023\/12\/ENTREZ-100x100.png 100w, https:\/\/www.din-amo.be\/wp-content\/uploads\/2023\/12\/ENTREZ-105x105.png 105w, https:\/\/www.din-amo.be\/wp-content\/uploads\/2023\/12\/ENTREZ-212x212.png 212w, https:\/\/www.din-amo.be\/wp-content\/uploads\/2023\/12\/ENTREZ-75x75.png 75w, https:\/\/www.din-amo.be\/wp-content\/uploads\/2023\/12\/ENTREZ-56x56.png 56w, https:\/\/www.din-amo.be\/wp-content\/uploads\/2023\/12\/ENTREZ-69x69.png 69w, https:\/\/www.din-amo.be\/wp-content\/uploads\/2023\/12\/ENTREZ-145x145.png 145w\" sizes=\"(max-width: 375px) 100vw, 375px\" \/>\t\t\t\t\t\t\t\t<\/a>\n\t\t\t\t\t\t\t\t\t\t\t\t\t\t\t<\/div>\n\t\t\t\t<\/div>\n\t\t\t\t<\/div>\n\t\t<div class=\"elementor-element elementor-element-4b89913 e-con-full e-flex wpr-particle-no wpr-jarallax-no wpr-parallax-no wpr-sticky-section-no e-con e-child\" data-id=\"4b89913\" data-element_type=\"container\" data-e-type=\"container\">\n\t\t\t\t<div class=\"elementor-element elementor-element-4ce0170 elementor-widget elementor-widget-text-editor\" data-id=\"4ce0170\" data-element_type=\"widget\" data-e-type=\"widget\" data-widget_type=\"text-editor.default\">\n\t\t\t\t<div class=\"elementor-widget-container\">\n\t\t\t\t\t\t\t\t\t<p>Entrez, c\u2019est ouvert\u2026\u00a0\u00bb, C\u2019est la cr\u00e9ation d\u2019un espace de vie pour retisser du lien, pour retisser du sens.<\/p><p>Se rencontrer, se d\u00e9couvrir, prendre du plaisir et agir ensemble pour un monde plus juste et plus responsable.<\/p>\t\t\t\t\t\t\t\t<\/div>\n\t\t\t\t<\/div>\n\t\t\t\t<div class=\"elementor-element elementor-element-7a4991d elementor-align-center elementor-widget elementor-widget-button\" data-id=\"7a4991d\" data-element_type=\"widget\" data-e-type=\"widget\" data-widget_type=\"button.default\">\n\t\t\t\t<div class=\"elementor-widget-container\">\n\t\t\t\t\t\t\t\t\t<div class=\"elementor-button-wrapper\">\n\t\t\t\t\t<a class=\"elementor-button elementor-button-link elementor-size-sm\" href=\"http:\/\/www.din-amo.be\/?page_id=3111\">\n\t\t\t\t\t\t<span class=\"elementor-button-content-wrapper\">\n\t\t\t\t\t\t\t\t\t<span class=\"elementor-button-text\">En savoir plus<\/span>\n\t\t\t\t\t<\/span>\n\t\t\t\t\t<\/a>\n\t\t\t\t<\/div>\n\t\t\t\t\t\t\t\t<\/div>\n\t\t\t\t<\/div>\n\t\t\t\t<\/div>\n\t\t\t\t\t<\/div>\n\t\t\t\t<\/div>\n\t\t<div class=\"elementor-element elementor-element-01af587 e-flex e-con-boxed wpr-particle-no wpr-jarallax-no wpr-parallax-no wpr-sticky-section-no e-con e-parent\" data-id=\"01af587\" data-element_type=\"container\" data-e-type=\"container\" data-settings=\"{&quot;shape_divider_bottom&quot;:&quot;tilt&quot;}\">\n\t\t\t\t\t<div class=\"e-con-inner\">\n\t\t\t\t<div class=\"elementor-shape elementor-shape-bottom\" aria-hidden=\"true\" data-negative=\"false\">\n\t\t\t<svg xmlns=\"http:\/\/www.w3.org\/2000\/svg\" viewBox=\"0 0 1000 100\" preserveAspectRatio=\"none\">\n\t<path class=\"elementor-shape-fill\" d=\"M0,6V0h1000v100L0,6z\"\/>\n<\/svg>\t\t<\/div>\n\t\t<div class=\"elementor-element elementor-element-3cc687c e-con-full e-flex wpr-particle-no wpr-jarallax-no wpr-parallax-no wpr-sticky-section-no e-con e-child\" data-id=\"3cc687c\" data-element_type=\"container\" data-e-type=\"container\">\n\t\t\t\t<div class=\"elementor-element elementor-element-f23a0fe elementor-widget elementor-widget-text-editor\" data-id=\"f23a0fe\" data-element_type=\"widget\" data-e-type=\"widget\" data-widget_type=\"text-editor.default\">\n\t\t\t\t<div class=\"elementor-widget-container\">\n\t\t\t\t\t\t\t\t\t<p>A bord de notre\u00a0<strong>minibus<\/strong>, nous voyageons avec nos\u00a0<em>bancs recycl\u00e9s\u00a0<\/em>pour les installer un peu partout.<\/p><p>De cette fa\u00e7on, nous allons \u00e0 la rencontre des habitants pour leur proposer des\u00a0<u>animations<\/u>.<\/p>\t\t\t\t\t\t\t\t<\/div>\n\t\t\t\t<\/div>\n\t\t\t\t<div class=\"elementor-element elementor-element-a469143 elementor-align-center elementor-widget elementor-widget-button\" data-id=\"a469143\" data-element_type=\"widget\" data-e-type=\"widget\" data-widget_type=\"button.default\">\n\t\t\t\t<div class=\"elementor-widget-container\">\n\t\t\t\t\t\t\t\t\t<div class=\"elementor-button-wrapper\">\n\t\t\t\t\t<a class=\"elementor-button elementor-button-link elementor-size-sm\" href=\"http:\/\/www.din-amo.be\/?page_id=3116\">\n\t\t\t\t\t\t<span class=\"elementor-button-content-wrapper\">\n\t\t\t\t\t\t\t\t\t<span class=\"elementor-button-text\">En savoir plus<\/span>\n\t\t\t\t\t<\/span>\n\t\t\t\t\t<\/a>\n\t\t\t\t<\/div>\n\t\t\t\t\t\t\t\t<\/div>\n\t\t\t\t<\/div>\n\t\t\t\t<\/div>\n\t\t<div class=\"elementor-element elementor-element-78773e0 e-con-full e-flex wpr-particle-no wpr-jarallax-no wpr-parallax-no wpr-sticky-section-no e-con e-child\" data-id=\"78773e0\" data-element_type=\"container\" data-e-type=\"container\">\n\t\t\t\t<div class=\"elementor-element elementor-element-c218c76 elementor-widget elementor-widget-image\" data-id=\"c218c76\" data-element_type=\"widget\" data-e-type=\"widget\" data-widget_type=\"image.default\">\n\t\t\t\t<div class=\"elementor-widget-container\">\n\t\t\t\t\t\t\t\t\t\t\t\t\t\t\t\t<a href=\"http:\/\/www.din-amo.be\/?page_id=3116\">\n\t\t\t\t\t\t\t<img loading=\"lazy\" decoding=\"async\" width=\"375\" height=\"375\" src=\"https:\/\/www.din-amo.be\/wp-content\/uploads\/2023\/12\/Les-amoureux.png\" class=\"attachment-large size-large wp-image-2587\" alt=\"\" srcset=\"https:\/\/www.din-amo.be\/wp-content\/uploads\/2023\/12\/Les-amoureux.png 375w, https:\/\/www.din-amo.be\/wp-content\/uploads\/2023\/12\/Les-amoureux-300x300.png 300w, https:\/\/www.din-amo.be\/wp-content\/uploads\/2023\/12\/Les-amoureux-150x150.png 150w, https:\/\/www.din-amo.be\/wp-content\/uploads\/2023\/12\/Les-amoureux-100x100.png 100w, https:\/\/www.din-amo.be\/wp-content\/uploads\/2023\/12\/Les-amoureux-105x105.png 105w, https:\/\/www.din-amo.be\/wp-content\/uploads\/2023\/12\/Les-amoureux-212x212.png 212w, https:\/\/www.din-amo.be\/wp-content\/uploads\/2023\/12\/Les-amoureux-75x75.png 75w, https:\/\/www.din-amo.be\/wp-content\/uploads\/2023\/12\/Les-amoureux-56x56.png 56w, https:\/\/www.din-amo.be\/wp-content\/uploads\/2023\/12\/Les-amoureux-69x69.png 69w, https:\/\/www.din-amo.be\/wp-content\/uploads\/2023\/12\/Les-amoureux-145x145.png 145w\" sizes=\"(max-width: 375px) 100vw, 375px\" \/>\t\t\t\t\t\t\t\t<\/a>\n\t\t\t\t\t\t\t\t\t\t\t\t\t\t\t<\/div>\n\t\t\t\t<\/div>\n\t\t\t\t<\/div>\n\t\t\t\t\t<\/div>\n\t\t\t\t<\/div>\n\t\t<div class=\"elementor-element elementor-element-ea1d27c e-flex e-con-boxed wpr-particle-no wpr-jarallax-no wpr-parallax-no wpr-sticky-section-no e-con e-parent\" data-id=\"ea1d27c\" data-element_type=\"container\" data-e-type=\"container\">\n\t\t\t\t\t<div class=\"e-con-inner\">\n\t\t<div class=\"elementor-element elementor-element-dbf18fa e-con-full e-flex wpr-particle-no wpr-jarallax-no wpr-parallax-no wpr-sticky-section-no e-con e-child\" data-id=\"dbf18fa\" data-element_type=\"container\" data-e-type=\"container\">\n\t\t\t\t<div class=\"elementor-element elementor-element-acbbc04 elementor-widget elementor-widget-image\" data-id=\"acbbc04\" data-element_type=\"widget\" data-e-type=\"widget\" data-widget_type=\"image.default\">\n\t\t\t\t<div class=\"elementor-widget-container\">\n\t\t\t\t\t\t\t\t\t\t\t\t\t\t\t\t<a href=\"http:\/\/www.din-amo.be\/?page_id=3121\">\n\t\t\t\t\t\t\t<img loading=\"lazy\" decoding=\"async\" width=\"375\" height=\"375\" src=\"https:\/\/www.din-amo.be\/wp-content\/uploads\/2023\/12\/Collectif.png\" class=\"attachment-large size-large wp-image-2588\" alt=\"\" srcset=\"https:\/\/www.din-amo.be\/wp-content\/uploads\/2023\/12\/Collectif.png 375w, https:\/\/www.din-amo.be\/wp-content\/uploads\/2023\/12\/Collectif-300x300.png 300w, https:\/\/www.din-amo.be\/wp-content\/uploads\/2023\/12\/Collectif-150x150.png 150w, https:\/\/www.din-amo.be\/wp-content\/uploads\/2023\/12\/Collectif-100x100.png 100w, https:\/\/www.din-amo.be\/wp-content\/uploads\/2023\/12\/Collectif-105x105.png 105w, https:\/\/www.din-amo.be\/wp-content\/uploads\/2023\/12\/Collectif-212x212.png 212w, https:\/\/www.din-amo.be\/wp-content\/uploads\/2023\/12\/Collectif-75x75.png 75w, https:\/\/www.din-amo.be\/wp-content\/uploads\/2023\/12\/Collectif-56x56.png 56w, https:\/\/www.din-amo.be\/wp-content\/uploads\/2023\/12\/Collectif-69x69.png 69w, https:\/\/www.din-amo.be\/wp-content\/uploads\/2023\/12\/Collectif-145x145.png 145w\" sizes=\"(max-width: 375px) 100vw, 375px\" \/>\t\t\t\t\t\t\t\t<\/a>\n\t\t\t\t\t\t\t\t\t\t\t\t\t\t\t<\/div>\n\t\t\t\t<\/div>\n\t\t\t\t<\/div>\n\t\t<div class=\"elementor-element elementor-element-ca79c48 e-con-full e-flex wpr-particle-no wpr-jarallax-no wpr-parallax-no wpr-sticky-section-no e-con e-child\" data-id=\"ca79c48\" data-element_type=\"container\" data-e-type=\"container\">\n\t\t\t\t<div class=\"elementor-element elementor-element-612d234 elementor-widget elementor-widget-text-editor\" data-id=\"612d234\" data-element_type=\"widget\" data-e-type=\"widget\" data-widget_type=\"text-editor.default\">\n\t\t\t\t<div class=\"elementor-widget-container\">\n\t\t\t\t\t\t\t\t\t<p>Le collectif 14-22 est avant tout le choix judicieux d\u2019un ensemble de jeunes afin de cr\u00e9er une bonne coh\u00e9sion de groupe.<\/p><p>Ces jeunes doivent pr\u00e9senter une capacit\u00e9 d\u2019adaptation \u00e0 un groupe de pairs de cette tranche d\u2019\u00e2ge.<\/p>\t\t\t\t\t\t\t\t<\/div>\n\t\t\t\t<\/div>\n\t\t\t\t<div class=\"elementor-element elementor-element-de35ccd elementor-align-center elementor-widget elementor-widget-button\" data-id=\"de35ccd\" data-element_type=\"widget\" data-e-type=\"widget\" data-widget_type=\"button.default\">\n\t\t\t\t<div class=\"elementor-widget-container\">\n\t\t\t\t\t\t\t\t\t<div class=\"elementor-button-wrapper\">\n\t\t\t\t\t<a class=\"elementor-button elementor-button-link elementor-size-sm\" href=\"http:\/\/www.din-amo.be\/?page_id=3121\">\n\t\t\t\t\t\t<span class=\"elementor-button-content-wrapper\">\n\t\t\t\t\t\t\t\t\t<span class=\"elementor-button-text\">En savoir plus<\/span>\n\t\t\t\t\t<\/span>\n\t\t\t\t\t<\/a>\n\t\t\t\t<\/div>\n\t\t\t\t\t\t\t\t<\/div>\n\t\t\t\t<\/div>\n\t\t\t\t<\/div>\n\t\t\t\t\t<\/div>\n\t\t\t\t<\/div>\n\t\t\t\t<\/div>\n\t\t","protected":false},"excerpt":{"rendered":"<p>Accompagnement social sp\u00e9cifique et partenarial de jeunes en situation de pr\u00e9carit\u00e9 de 15 \u00e0 25 ans dans un b\u00e2timent pouvant accueillir 3 jeunes. Mise en place d\u2019ateliers multisectoriels d\u00e9di\u00e9s \u00e0 l\u2019habitat, au d\u00e9veloppement personnel et \u00e0 l\u2019autonomisation. En savoir plus Le projet \u00ab\u00a0Rebond\u00a0\u00bb est une initiative partenariale qui vise \u00e0 une (re)mobilisation des ressources de jeunes en situation de vuln\u00e9rabilit\u00e9 et de d\u00e9crochage social \u00e0 travers un parcours \u00e9volutif d\u2019activit\u00e9s port\u00e9es par les partenaires du projet. En savoir plus Entrez, c\u2019est ouvert\u2026\u00a0\u00bb, C\u2019est la cr\u00e9ation d\u2019un espace de vie pour retisser du lien, pour retisser du sens. Se rencontrer, se d\u00e9couvrir, prendre du plaisir et agir ensemble pour un monde plus juste et plus responsable. En savoir plus A bord de notre\u00a0minibus, nous voyageons avec nos\u00a0bancs recycl\u00e9s\u00a0pour les installer un peu partout. De cette fa\u00e7on, nous allons \u00e0 la rencontre des habitants pour leur proposer des\u00a0animations. En savoir plus Le collectif 14-22 est avant tout le choix judicieux d\u2019un ensemble de jeunes afin de cr\u00e9er une bonne coh\u00e9sion de groupe. Ces jeunes doivent pr\u00e9senter une capacit\u00e9 d\u2019adaptation \u00e0 un groupe de pairs de cette tranche d\u2019\u00e2ge. En savoir plus<\/p>\n","protected":false},"author":9,"featured_media":0,"parent":0,"menu_order":4,"comment_status":"closed","ping_status":"closed","template":"","meta":{"_eb_attr":"","ocean_post_layout":"","ocean_both_sidebars_style":"","ocean_both_sidebars_content_width":0,"ocean_both_sidebars_sidebars_width":0,"ocean_sidebar":"","ocean_second_sidebar":"","ocean_disable_margins":"enable","ocean_add_body_class":"","ocean_shortcode_before_top_bar":"","ocean_shortcode_after_top_bar":"","ocean_shortcode_before_header":"","ocean_shortcode_after_header":"","ocean_has_shortcode":"","ocean_shortcode_after_title":"","ocean_shortcode_before_footer_widgets":"","ocean_shortcode_after_footer_widgets":"","ocean_shortcode_before_footer_bottom":"","ocean_shortcode_after_footer_bottom":"","ocean_display_top_bar":"default","ocean_display_header":"default","ocean_header_style":"","ocean_center_header_left_menu":"","ocean_custom_header_template":"","ocean_custom_logo":0,"ocean_custom_retina_logo":0,"ocean_custom_logo_max_width":0,"ocean_custom_logo_tablet_max_width":0,"ocean_custom_logo_mobile_max_width":0,"ocean_custom_logo_max_height":0,"ocean_custom_logo_tablet_max_height":0,"ocean_custom_logo_mobile_max_height":0,"ocean_header_custom_menu":"","ocean_menu_typo_font_family":"","ocean_menu_typo_font_subset":"","ocean_menu_typo_font_size":0,"ocean_menu_typo_font_size_tablet":0,"ocean_menu_typo_font_size_mobile":0,"ocean_menu_typo_font_size_unit":"px","ocean_menu_typo_font_weight":"","ocean_menu_typo_font_weight_tablet":"","ocean_menu_typo_font_weight_mobile":"","ocean_menu_typo_transform":"","ocean_menu_typo_transform_tablet":"","ocean_menu_typo_transform_mobile":"","ocean_menu_typo_line_height":0,"ocean_menu_typo_line_height_tablet":0,"ocean_menu_typo_line_height_mobile":0,"ocean_menu_typo_line_height_unit":"","ocean_menu_typo_spacing":0,"ocean_menu_typo_spacing_tablet":0,"ocean_menu_typo_spacing_mobile":0,"ocean_menu_typo_spacing_unit":"","ocean_menu_link_color":"","ocean_menu_link_color_hover":"","ocean_menu_link_color_active":"","ocean_menu_link_background":"","ocean_menu_link_hover_background":"","ocean_menu_link_active_background":"","ocean_menu_social_links_bg":"","ocean_menu_social_hover_links_bg":"","ocean_menu_social_links_color":"","ocean_menu_social_hover_links_color":"","ocean_disable_title":"default","ocean_disable_heading":"default","ocean_post_title":"","ocean_post_subheading":"","ocean_post_title_style":"","ocean_post_title_background_color":"","ocean_post_title_background":0,"ocean_post_title_bg_image_position":"","ocean_post_title_bg_image_attachment":"","ocean_post_title_bg_image_repeat":"","ocean_post_title_bg_image_size":"","ocean_post_title_height":0,"ocean_post_title_bg_overlay":0.5,"ocean_post_title_bg_overlay_color":"","ocean_disable_breadcrumbs":"default","ocean_breadcrumbs_color":"","ocean_breadcrumbs_separator_color":"","ocean_breadcrumbs_links_color":"","ocean_breadcrumbs_links_hover_color":"","ocean_display_footer_widgets":"default","ocean_display_footer_bottom":"default","ocean_custom_footer_template":"","footnotes":""},"class_list":["post-2584","page","type-page","status-publish","hentry","entry"],"_links":{"self":[{"href":"https:\/\/www.din-amo.be\/index.php?rest_route=\/wp\/v2\/pages\/2584","targetHints":{"allow":["GET"]}}],"collection":[{"href":"https:\/\/www.din-amo.be\/index.php?rest_route=\/wp\/v2\/pages"}],"about":[{"href":"https:\/\/www.din-amo.be\/index.php?rest_route=\/wp\/v2\/types\/page"}],"author":[{"embeddable":true,"href":"https:\/\/www.din-amo.be\/index.php?rest_route=\/wp\/v2\/users\/9"}],"replies":[{"embeddable":true,"href":"https:\/\/www.din-amo.be\/index.php?rest_route=%2Fwp%2Fv2%2Fcomments&post=2584"}],"version-history":[{"count":18,"href":"https:\/\/www.din-amo.be\/index.php?rest_route=\/wp\/v2\/pages\/2584\/revisions"}],"predecessor-version":[{"id":3851,"href":"https:\/\/www.din-amo.be\/index.php?rest_route=\/wp\/v2\/pages\/2584\/revisions\/3851"}],"wp:attachment":[{"href":"https:\/\/www.din-amo.be\/index.php?rest_route=%2Fwp%2Fv2%2Fmedia&parent=2584"}],"curies":[{"name":"wp","href":"https:\/\/api.w.org\/{rel}","templated":true}]}}